{"id":1379,"date":"2024-05-10T01:03:27","date_gmt":"2024-05-10T01:03:27","guid":{"rendered":"https:\/\/sculptureshome.com\/product\/deedgreat-customer-size-hand-carved-home-roman-marble-man-bust-stone-head-sculpture-statue-for-dector-outdoor-indoor\/"},"modified":"2024-05-10T01:48:30","modified_gmt":"2024-05-10T01:48:30","slug":"deedgreat-kunden-grose-handgeschnitzt-home-romischen-marmor-mann-buste-stein-kopf-skulptur-statue-fur-dector-outdoor-indoor","status":"publish","type":"product","link":"https:\/\/sculptureshome.com\/de\/product\/deedgreat-customer-size-hand-carved-home-roman-marble-man-bust-stone-head-sculpture-statue-for-dector-outdoor-indoor\/","title":{"rendered":"Deedgreat Kunden Gr\u00f6\u00dfe Hand geschnitzt Home r\u00f6mischen Marmor Mann B\u00fcste Stein Kopf Skulptur Statue f\u00fcr Dector Outdoor Indoor"},"content":{"rendered":"<ul>\n<li><strong>Garantie : <\/strong> 1 Jahr<\/li>\n<li><strong>Nachverkaufs-Service : <\/strong> Technische Online-Unterst\u00fctzung<\/li>\n<li><strong>Projektl\u00f6sungskompetenz : <\/strong> 3D-Modellentwurf, Sonstiges<\/li>\n<li><strong>Anwendung: <\/strong> Park\/Indor<\/li>\n<li><strong>Design-Stil : <\/strong> EUROP\u00c4ISCH<\/li>\n<li><strong>Markenname : Sculptureshome<\/strong><\/li>\n<li><strong>Stil : <\/strong> Nat\u00fcrlich<\/li>\n<li><strong>Material : <\/strong> Marmor<\/li>\n<li><strong>Gr\u00f6\u00dfe : <\/strong> Ma\u00dfgeschneiderte Gr\u00f6\u00dfe<\/li>\n<li><strong>Verwendung: <\/strong> Dekoration<\/li>\n<li><strong>Farbe : <\/strong> Kundenspezifische Farbe<\/li>\n<li><strong>Art : <\/strong> Ourdoor Dekor Skulptur<\/li>\n<li><strong>Produktname : <\/strong> Au\u00dfen-Skulptur<\/li>\n<li><strong>Entwurf : <\/strong> Ma\u00dfgeschneiderte Designs<\/li>\n<li><strong>Verpacken: <\/strong> Starke Holzkisten<\/li>\n<li><strong>Schl\u00fcsselw\u00f6rter : <\/strong> R\u00f6mische Statue<\/li>\n<li><strong>MOQ : <\/strong> 20Satz<\/li>\n<\/ul>","protected":false},"excerpt":{"rendered":"<p>Warranty : 1 Year After-sale Service : Online technical support Project Solution Capability : 3D model design, Others Application : Park\/Inddor Design Style : EUROPEAN Brand Name : Sculptureshome Style : Natural Material : Marble Size : Customized Size Usage : Decoration Color : Customized Color Type : Ourdoor Decor Sculpture Product name : Outdoor [&hellip;]<\/p>\n","protected":false},"featured_media":1378,"comment_status":"open","ping_status":"closed","template":"","meta":[],"product_brand":[],"product_cat":[24,43],"product_tag":[46,44,45],"class_list":{"0":"post-1379","1":"product","2":"type-product","3":"status-publish","4":"has-post-thumbnail","6":"product_cat-human-statue","7":"product_cat-custom-stone-sculpture-maker","8":"product_tag-statues","9":"product_tag-stone","10":"product_tag-stone-carvings-and-sculptures","12":"first","13":"instock","14":"shipping-taxable","15":"product-type-simple"},"_links":{"self":[{"href":"https:\/\/sculptureshome.com\/de\/wp-json\/wp\/v2\/product\/1379","targetHints":{"allow":["GET"]}}],"collection":[{"href":"https:\/\/sculptureshome.com\/de\/wp-json\/wp\/v2\/product"}],"about":[{"href":"https:\/\/sculptureshome.com\/de\/wp-json\/wp\/v2\/types\/product"}],"replies":[{"embeddable":true,"href":"https:\/\/sculptureshome.com\/de\/wp-json\/wp\/v2\/comments?post=1379"}],"version-history":[{"count":0,"href":"https:\/\/sculptureshome.com\/de\/wp-json\/wp\/v2\/product\/1379\/revisions"}],"wp:featuredmedia":[{"embeddable":true,"href":"https:\/\/sculptureshome.com\/de\/wp-json\/wp\/v2\/media\/1378"}],"wp:attachment":[{"href":"https:\/\/sculptureshome.com\/de\/wp-json\/wp\/v2\/media?parent=1379"}],"wp:term":[{"taxonomy":"product_brand","embeddable":true,"href":"https:\/\/sculptureshome.com\/de\/wp-json\/wp\/v2\/product_brand?post=1379"},{"taxonomy":"product_cat","embeddable":true,"href":"https:\/\/sculptureshome.com\/de\/wp-json\/wp\/v2\/product_cat?post=1379"},{"taxonomy":"product_tag","embeddable":true,"href":"https:\/\/sculptureshome.com\/de\/wp-json\/wp\/v2\/product_tag?post=1379"}],"curies":[{"name":"wp","href":"https:\/\/api.w.org\/{rel}","templated":true}]}}