{"id":1364,"date":"2024-05-10T01:01:29","date_gmt":"2024-05-10T01:01:29","guid":{"rendered":"https:\/\/sculptureshome.com\/product\/outdoor-life-size-natural-stone-white-marble-naked-thinking-man-statue-sculpture\/"},"modified":"2024-05-10T01:48:20","modified_gmt":"2024-05-10T01:48:20","slug":"outdoor-leben-grose-naturstein-weisem-marmor-nackt-denkender-mann-statue-skulptur","status":"publish","type":"product","link":"https:\/\/sculptureshome.com\/de\/product\/outdoor-life-size-natural-stone-white-marble-naked-thinking-man-statue-sculpture\/","title":{"rendered":"Outdoor Leben Gr\u00f6\u00dfe Naturstein wei\u00dfer Marmor nackt denkenden Mann Statue Skulptur"},"content":{"rendered":"<ul>\n<li><strong>Garantie : <\/strong> 1 Jahr<\/li>\n<li><strong>Nachverkaufs-Service : <\/strong> R\u00fcckgabe und Ersatz<\/li>\n<li><strong>Projektl\u00f6sungskompetenz : <\/strong> Grafikdesign<\/li>\n<li><strong>Anwendung: <\/strong> Park<\/li>\n<li><strong>Design-Stil : <\/strong> Modern<\/li>\n<li><strong>Markenname : Sculptureshome<\/strong><\/li>\n<li><strong>Modellnummer : <\/strong> MS5115 Gro\u00dfe Skulpturen<\/li>\n<li><strong>Stil : <\/strong> Nat\u00fcrlich<\/li>\n<li><strong>Art : <\/strong> Statuen<\/li>\n<li><strong>Material : <\/strong> Wei\u00dfer Marmor<\/li>\n<li><strong>Oberfl\u00e4che : <\/strong> Handgeschnitzt<\/li>\n<li><strong>Stile : <\/strong> Western<\/li>\n<li><strong>Dienstleistung : <\/strong> Kann individuelles Design anbieten<\/li>\n<li><strong>Farbe : <\/strong> wei\u00df<\/li>\n<li><strong>Transport : <\/strong> Auf dem Seeweg<\/li>\n<li><strong>Lieferzeiten: <\/strong> 15 Tage<\/li>\n<li><strong>MOQ : <\/strong> 1 Satz<\/li>\n<li><strong>Lehm-Modell : <\/strong> Bei Bedarf verf\u00fcgbar<\/li>\n<\/ul>","protected":false},"excerpt":{"rendered":"<p>Warranty : 1 Year After-sale Service : Return and Replacement Project Solution Capability : graphic design Application : Park Design Style : Modern Brand Name : Sculptureshome Model Number : MS5115 Large sculptures Style : Natural Type : Statues Material : White Marble Surface : Hand-carving Styles : Western Service : Can provide individualized design [&hellip;]<\/p>\n","protected":false},"featured_media":1363,"comment_status":"open","ping_status":"closed","template":"","meta":[],"product_brand":[],"product_cat":[24,43],"product_tag":[46,44,45],"class_list":{"0":"post-1364","1":"product","2":"type-product","3":"status-publish","4":"has-post-thumbnail","6":"product_cat-human-statue","7":"product_cat-custom-stone-sculpture-maker","8":"product_tag-statues","9":"product_tag-stone","10":"product_tag-stone-carvings-and-sculptures","12":"first","13":"instock","14":"shipping-taxable","15":"product-type-simple"},"_links":{"self":[{"href":"https:\/\/sculptureshome.com\/de\/wp-json\/wp\/v2\/product\/1364","targetHints":{"allow":["GET"]}}],"collection":[{"href":"https:\/\/sculptureshome.com\/de\/wp-json\/wp\/v2\/product"}],"about":[{"href":"https:\/\/sculptureshome.com\/de\/wp-json\/wp\/v2\/types\/product"}],"replies":[{"embeddable":true,"href":"https:\/\/sculptureshome.com\/de\/wp-json\/wp\/v2\/comments?post=1364"}],"version-history":[{"count":0,"href":"https:\/\/sculptureshome.com\/de\/wp-json\/wp\/v2\/product\/1364\/revisions"}],"wp:featuredmedia":[{"embeddable":true,"href":"https:\/\/sculptureshome.com\/de\/wp-json\/wp\/v2\/media\/1363"}],"wp:attachment":[{"href":"https:\/\/sculptureshome.com\/de\/wp-json\/wp\/v2\/media?parent=1364"}],"wp:term":[{"taxonomy":"product_brand","embeddable":true,"href":"https:\/\/sculptureshome.com\/de\/wp-json\/wp\/v2\/product_brand?post=1364"},{"taxonomy":"product_cat","embeddable":true,"href":"https:\/\/sculptureshome.com\/de\/wp-json\/wp\/v2\/product_cat?post=1364"},{"taxonomy":"product_tag","embeddable":true,"href":"https:\/\/sculptureshome.com\/de\/wp-json\/wp\/v2\/product_tag?post=1364"}],"curies":[{"name":"wp","href":"https:\/\/api.w.org\/{rel}","templated":true}]}}