{"id":1323,"date":"2024-05-09T07:22:13","date_gmt":"2024-05-09T07:22:13","guid":{"rendered":"https:\/\/sculptureshome.com\/product\/large-outdoor-sculpture-chestnut-arabian-horse-statue-life-size-horse-sculpture\/"},"modified":"2024-05-09T07:42:57","modified_gmt":"2024-05-09T07:42:57","slug":"grose-skulptur-im-freien-fuchs-araber-pferd-statue-leben-grose-pferd-skulptur","status":"publish","type":"product","link":"https:\/\/sculptureshome.com\/de\/product\/large-outdoor-sculpture-chestnut-arabian-horse-statue-life-size-horse-sculpture\/","title":{"rendered":"Gro\u00dfe Skulptur im Freien Fuchs arabisches Pferd Statue lebensgro\u00dfe Pferd Skulptur"},"content":{"rendered":"<ul>\n<li><strong>Material : <\/strong> Metall, Bronze\/Messing<\/li>\n<li><strong>Art : <\/strong> Messing, Lebendig<\/li>\n<li><strong>Produkttyp : <\/strong> SCULPTURE<\/li>\n<li><strong>Technik : <\/strong> Gie\u00dfen<\/li>\n<li><strong>Stil : <\/strong> Kunstwerk<\/li>\n<li><strong>Verwendung: <\/strong> Dekoration &amp; Ornamente<\/li>\n<li><strong>Thema : <\/strong> Bildhauerei<\/li>\n<li><strong>Regionales Merkmal : <\/strong> Europa<\/li>\n<li><strong>Herkunftsort : <\/strong> China<\/li>\n<li><strong>Markenname : <\/strong>Skulpturenhome<\/li>\n<li><strong>Produktname : <\/strong> Bildhauerei<\/li>\n<li><strong>MOQ : <\/strong> 1 St\u00fcck<\/li>\n<li><strong>Farbe : <\/strong> Patinafarbe<\/li>\n<li><strong>Gr\u00f6\u00dfe : <\/strong> Ma\u00dfgeschneiderte Gr\u00f6\u00dfe<\/li>\n<li><strong>Charakteristisch: <\/strong> K\u00fcnstlerisch<\/li>\n<li><strong>Verwendung: <\/strong> Dekoration<\/li>\n<li><strong>Vorteil : <\/strong> Erleben Sie<\/li>\n<li><strong>Technisches : <\/strong> Wachsausschmelzverfahren (Lost Wax Casting)<\/li>\n<\/ul>","protected":false},"excerpt":{"rendered":"<p>Material : Metal, bronze\/brass Type : Brass, Vivid Product Type : SCULPTURE Technique : Casting Style : Artwork Use : Decoration &amp; Ornaments Theme : Sculpture Regional Feature : Europe Place of Origin : China Brand Name : Sculptureshome Product name : Sculpture MOQ : 1 Piece Color : patina color Size : custom made [&hellip;]<\/p>\n","protected":false},"featured_media":1322,"comment_status":"open","ping_status":"closed","template":"","meta":[],"product_brand":[],"product_cat":[39],"product_tag":[40,41],"class_list":{"0":"post-1323","1":"product","2":"type-product","3":"status-publish","4":"has-post-thumbnail","6":"product_cat-custom-bronze-sculpture-maker","7":"product_tag-crafts","8":"product_tag-metal-crafts","10":"first","11":"instock","12":"shipping-taxable","13":"product-type-simple"},"_links":{"self":[{"href":"https:\/\/sculptureshome.com\/de\/wp-json\/wp\/v2\/product\/1323","targetHints":{"allow":["GET"]}}],"collection":[{"href":"https:\/\/sculptureshome.com\/de\/wp-json\/wp\/v2\/product"}],"about":[{"href":"https:\/\/sculptureshome.com\/de\/wp-json\/wp\/v2\/types\/product"}],"replies":[{"embeddable":true,"href":"https:\/\/sculptureshome.com\/de\/wp-json\/wp\/v2\/comments?post=1323"}],"version-history":[{"count":0,"href":"https:\/\/sculptureshome.com\/de\/wp-json\/wp\/v2\/product\/1323\/revisions"}],"wp:featuredmedia":[{"embeddable":true,"href":"https:\/\/sculptureshome.com\/de\/wp-json\/wp\/v2\/media\/1322"}],"wp:attachment":[{"href":"https:\/\/sculptureshome.com\/de\/wp-json\/wp\/v2\/media?parent=1323"}],"wp:term":[{"taxonomy":"product_brand","embeddable":true,"href":"https:\/\/sculptureshome.com\/de\/wp-json\/wp\/v2\/product_brand?post=1323"},{"taxonomy":"product_cat","embeddable":true,"href":"https:\/\/sculptureshome.com\/de\/wp-json\/wp\/v2\/product_cat?post=1323"},{"taxonomy":"product_tag","embeddable":true,"href":"https:\/\/sculptureshome.com\/de\/wp-json\/wp\/v2\/product_tag?post=1323"}],"curies":[{"name":"wp","href":"https:\/\/api.w.org\/{rel}","templated":true}]}}