{"id":1271,"date":"2024-05-09T07:02:10","date_gmt":"2024-05-09T07:02:10","guid":{"rendered":"https:\/\/sculptureshome.com\/product\/the-famous-catholic-religious-sculpture-in-the-church-is-a-life-size-bronze-statue-of-the-homeless-jesus-christ\/"},"modified":"2024-05-09T08:17:18","modified_gmt":"2024-05-09T08:17:18","slug":"die-beruhmte-katholische-religiose-skulptur-in-der-kirche-ist-eine-lebensgrose-bronzestatue-des-obdachlosen-jesus-christus","status":"publish","type":"product","link":"https:\/\/sculptureshome.com\/de\/product\/the-famous-catholic-religious-sculpture-in-the-church-is-a-life-size-bronze-statue-of-the-homeless-jesus-christ\/","title":{"rendered":"Die ber\u00fchmte katholische religi\u00f6se Skulptur in der Kirche ist eine lebensgro\u00dfe Bronzestatue des obdachlosen Jesus Christus"},"content":{"rendered":"<ul>\n<li><strong>Material : <\/strong> Metall<\/li>\n<li><strong>Drucken: <\/strong> Buchdruck, Tiefdruck, Siebdruck, Digitaldruck, Offsetdruck, Pr\u00e4gedruck<\/li>\n<li><strong>Druckverfahren: <\/strong> 1 Farbe, 2 Farben, 4 Farben, 5 Farben, 6 Farben<\/li>\n<li><strong>Art : <\/strong> Bronze<\/li>\n<li><strong>Produkttyp : <\/strong> Tier<\/li>\n<li><strong>Technik : <\/strong> Gie\u00dfen<\/li>\n<li><strong>Stil : <\/strong> Simulation, Luxus<\/li>\n<li><strong>Verwendung: <\/strong> Kunst &amp; Sammlerst\u00fccke<\/li>\n<li><strong>Thema : <\/strong> Kunst Tier-Skulptur<\/li>\n<li><strong>Regionales Merkmal : <\/strong> Europa<\/li>\n<li><strong>Modellnummer : <\/strong> Bronze-Jesus-Statue<\/li>\n<\/ul>","protected":false},"excerpt":{"rendered":"<p>Material : Metal Printing : Letterpress printing, Gravure printing, Silk screen printing, Digital printing, Offset printing, Embossing printing Print Method : 1 color, 2 color, 4 color, 5 color, 6 color Type : Bronze Product Type : Animal Technique : Casting Style : Simulation, Luxury Use : Art &amp; Collectible Theme : Art Animal Sculpture [&hellip;]<\/p>\n","protected":false},"featured_media":1270,"comment_status":"open","ping_status":"closed","template":"","meta":[],"product_brand":[],"product_cat":[39],"product_tag":[40,41],"class_list":{"0":"post-1271","1":"product","2":"type-product","3":"status-publish","4":"has-post-thumbnail","6":"product_cat-custom-bronze-sculpture-maker","7":"product_tag-crafts","8":"product_tag-metal-crafts","10":"first","11":"instock","12":"shipping-taxable","13":"product-type-simple"},"_links":{"self":[{"href":"https:\/\/sculptureshome.com\/de\/wp-json\/wp\/v2\/product\/1271","targetHints":{"allow":["GET"]}}],"collection":[{"href":"https:\/\/sculptureshome.com\/de\/wp-json\/wp\/v2\/product"}],"about":[{"href":"https:\/\/sculptureshome.com\/de\/wp-json\/wp\/v2\/types\/product"}],"replies":[{"embeddable":true,"href":"https:\/\/sculptureshome.com\/de\/wp-json\/wp\/v2\/comments?post=1271"}],"version-history":[{"count":0,"href":"https:\/\/sculptureshome.com\/de\/wp-json\/wp\/v2\/product\/1271\/revisions"}],"wp:featuredmedia":[{"embeddable":true,"href":"https:\/\/sculptureshome.com\/de\/wp-json\/wp\/v2\/media\/1270"}],"wp:attachment":[{"href":"https:\/\/sculptureshome.com\/de\/wp-json\/wp\/v2\/media?parent=1271"}],"wp:term":[{"taxonomy":"product_brand","embeddable":true,"href":"https:\/\/sculptureshome.com\/de\/wp-json\/wp\/v2\/product_brand?post=1271"},{"taxonomy":"product_cat","embeddable":true,"href":"https:\/\/sculptureshome.com\/de\/wp-json\/wp\/v2\/product_cat?post=1271"},{"taxonomy":"product_tag","embeddable":true,"href":"https:\/\/sculptureshome.com\/de\/wp-json\/wp\/v2\/product_tag?post=1271"}],"curies":[{"name":"wp","href":"https:\/\/api.w.org\/{rel}","templated":true}]}}