{"id":864,"date":"2024-01-30T12:53:04","date_gmt":"2024-01-30T12:53:04","guid":{"rendered":"https:\/\/sculptureshome.com\/?page_id=864"},"modified":"2024-06-25T10:03:51","modified_gmt":"2024-06-25T10:03:51","slug":"unsere-geschichte","status":"publish","type":"page","link":"https:\/\/sculptureshome.com\/de\/our-story\/","title":{"rendered":"Unsere Geschichte"},"content":{"rendered":"<div data-elementor-type=\"wp-page\" data-elementor-id=\"864\" class=\"elementor elementor-864\" data-elementor-post-type=\"page\">\n\t\t\t\t<div class=\"elementor-element elementor-element-cbbe34e e-flex e-con-boxed e-con e-parent\" data-id=\"cbbe34e\" data-element_type=\"container\" data-e-type=\"container\">\n\t\t\t\t\t<div class=\"e-con-inner\">\n\t\t\t\t<div class=\"elementor-element elementor-element-4804c53 elementor-widget elementor-widget-heading\" data-id=\"4804c53\" data-element_type=\"widget\" data-e-type=\"widget\" data-widget_type=\"heading.default\">\n\t\t\t\t\t<h2 class=\"elementor-heading-title elementor-size-default\">Unsere Geschichte<\/h2>\t\t\t\t<\/div>\n\t\t\t\t\t<\/div>\n\t\t\t\t<\/div>\n\t\t<div class=\"elementor-element elementor-element-38d67a5 e-flex e-con-boxed e-con e-parent\" data-id=\"38d67a5\" data-element_type=\"container\" data-e-type=\"container\">\n\t\t\t\t\t<div class=\"e-con-inner\">\n\t\t<div class=\"elementor-element elementor-element-a52ffaa e-con-full e-flex e-con e-child\" data-id=\"a52ffaa\" data-element_type=\"container\" data-e-type=\"container\">\n\t\t\t\t<div class=\"elementor-element elementor-element-eda4c95 elementor-widget elementor-widget-text-editor\" data-id=\"eda4c95\" data-element_type=\"widget\" data-e-type=\"widget\" data-widget_type=\"text-editor.default\">\n\t\t\t\t\t\t\t\t\t<p>In einer Stadt voller Kreativit\u00e4t und Vitalit\u00e4t gibt es eine Fabrik, die sich auf Bildhauerei spezialisiert hat, und das Herzst\u00fcck dieses Ortes ist Leo, ein Bildhauer, der die Akademie der Sch\u00f6nen K\u00fcnste absolviert hat und der nicht nur ein tiefes Verst\u00e4ndnis f\u00fcr traditionelle Bildhauertechniken hat, sondern auch eine Leidenschaft f\u00fcr die Einbeziehung fortschrittlicher Technologie in die Bildhauerei. Dies ist eine Geschichte \u00fcber die Verbindung von Kunst und Technologie und die Symbiose zwischen pers\u00f6nlichem Wachstum und Unternehmensentwicklung.<\/p><p>Leos Ausbildung an der Akademie der Sch\u00f6nen K\u00fcnste bot ihm eine solide Grundlage f\u00fcr seine k\u00fcnstlerische Laufbahn. Seine Arbeiten zeugen von einem ausgepr\u00e4gten Sinn f\u00fcr Form und Textur, der ihm schon w\u00e4hrend seiner Schulzeit die Aufmerksamkeit von Studenten und Dozenten einbrachte.<br \/>Fr\u00fcher Erfolg am Arbeitsplatz<\/p>\t\t\t\t\t\t\t\t<\/div>\n\t\t\t\t<\/div>\n\t\t<div class=\"elementor-element elementor-element-1d57cf0 e-con-full e-flex e-con e-child\" data-id=\"1d57cf0\" data-element_type=\"container\" data-e-type=\"container\">\n\t\t\t\t<div class=\"elementor-element elementor-element-1fd8176 elementor-widget elementor-widget-image\" data-id=\"1fd8176\" data-element_type=\"widget\" data-e-type=\"widget\" data-widget_type=\"image.default\">\n\t\t\t\t\t\t\t\t\t\t\t\t\t\t\t<img fetchpriority=\"high\" decoding=\"async\" width=\"800\" height=\"776\" src=\"https:\/\/sculptureshome.com\/wp-content\/uploads\/2024\/02\/our-story.png\" class=\"attachment-large size-large wp-image-1053\" alt=\"\" srcset=\"https:\/\/sculptureshome.com\/wp-content\/uploads\/2024\/02\/our-story.png 1003w, https:\/\/sculptureshome.com\/wp-content\/uploads\/2024\/02\/our-story-300x291.png 300w, https:\/\/sculptureshome.com\/wp-content\/uploads\/2024\/02\/our-story-768x745.png 768w, https:\/\/sculptureshome.com\/wp-content\/uploads\/2024\/02\/our-story-600x582.png 600w\" sizes=\"(max-width: 800px) 100vw, 800px\" title=\"\">\t\t\t\t\t\t\t\t\t\t\t\t\t\t\t<\/div>\n\t\t\t\t<\/div>\n\t\t\t\t\t<\/div>\n\t\t\t\t<\/div>\n\t\t<div class=\"elementor-element elementor-element-4ad764d e-flex e-con-boxed e-con e-parent\" data-id=\"4ad764d\" data-element_type=\"container\" data-e-type=\"container\">\n\t\t\t\t\t<div class=\"e-con-inner\">\n\t\t\t\t<div class=\"elementor-element elementor-element-a9145e8 elementor-widget elementor-widget-heading\" data-id=\"a9145e8\" data-element_type=\"widget\" data-e-type=\"widget\" data-widget_type=\"heading.default\">\n\t\t\t\t\t<h2 class=\"elementor-heading-title elementor-size-default\">Fr\u00fcher Erfolg am Arbeitsplatz<\/h2>\t\t\t\t<\/div>\n\t\t\t\t\t<\/div>\n\t\t\t\t<\/div>\n\t\t<div class=\"elementor-element elementor-element-b11fb31 e-flex e-con-boxed e-con e-parent\" data-id=\"b11fb31\" data-element_type=\"container\" data-e-type=\"container\">\n\t\t\t\t\t<div class=\"e-con-inner\">\n\t\t\t\t<div class=\"elementor-element elementor-element-5de6c21 elementor-widget elementor-widget-text-editor\" data-id=\"5de6c21\" data-element_type=\"widget\" data-e-type=\"widget\" data-widget_type=\"text-editor.default\">\n\t\t\t\t\t\t\t\t\t<p>Nach seinem Abschluss trat Leo der sculptureshome-Familie bei. Dank seiner an der Akademie erworbenen F\u00e4higkeiten und seines einzigartigen Verst\u00e4ndnisses f\u00fcr Materialien wurden seine Skulpturen schnell vom Markt angenommen. Seine Skulpturen zeigen nicht nur eine hervorragende Technik, sondern auch innovative Designkonzepte. Infolgedessen erlangte er bald eine gewisse Position auf dem heimischen Markt. Aber das war noch nicht alles.<\/p>\t\t\t\t\t\t\t\t<\/div>\n\t\t\t\t\t<\/div>\n\t\t\t\t<\/div>\n\t\t<div class=\"elementor-element elementor-element-28da600 e-flex e-con-boxed e-con e-parent\" data-id=\"28da600\" data-element_type=\"container\" data-e-type=\"container\">\n\t\t\t\t\t<div class=\"e-con-inner\">\n\t\t\t\t<div class=\"elementor-element elementor-element-cd4a7c4 elementor-widget elementor-widget-heading\" data-id=\"cd4a7c4\" data-element_type=\"widget\" data-e-type=\"widget\" data-widget_type=\"heading.default\">\n\t\t\t\t\t<h2 class=\"elementor-heading-title elementor-size-default\">Der Wendepunkt, Partner zu werden<\/h2>\t\t\t\t<\/div>\n\t\t\t\t\t<\/div>\n\t\t\t\t<\/div>\n\t\t<div class=\"elementor-element elementor-element-dd438f0 e-flex e-con-boxed e-con e-parent\" data-id=\"dd438f0\" data-element_type=\"container\" data-e-type=\"container\">\n\t\t\t\t\t<div class=\"e-con-inner\">\n\t\t\t\t<div class=\"elementor-element elementor-element-90012a9 elementor-widget elementor-widget-text-editor\" data-id=\"90012a9\" data-element_type=\"widget\" data-e-type=\"widget\" data-widget_type=\"text-editor.default\">\n\t\t\t\t\t\t\t\t\t<p style=\"text-align: left;\">Da Leos Arbeit dazu beitrug, dass die Fabrik eine gro\u00dfe Anzahl von Kunden anziehen und dem Unternehmen betr\u00e4chtliche Einnahmen bescheren konnte, wurde er schon bald zum Partner ernannt. Mit dieser Status\u00e4nderung wurden nicht nur seine pers\u00f6nlichen F\u00e4higkeiten, sondern auch sein Beitrag zur Fabrik anerkannt.<\/p>\t\t\t\t\t\t\t\t<\/div>\n\t\t\t\t\t<\/div>\n\t\t\t\t<\/div>\n\t\t<div class=\"elementor-element elementor-element-9bde3d2 e-flex e-con-boxed e-con e-parent\" data-id=\"9bde3d2\" data-element_type=\"container\" data-e-type=\"container\">\n\t\t\t\t\t<div class=\"e-con-inner\">\n\t\t\t\t<div class=\"elementor-element elementor-element-30b6d90 elementor-widget elementor-widget-heading\" data-id=\"30b6d90\" data-element_type=\"widget\" data-e-type=\"widget\" data-widget_type=\"heading.default\">\n\t\t\t\t\t<h2 class=\"elementor-heading-title elementor-size-default\">Motor der technologischen Innovation<\/h2>\t\t\t\t<\/div>\n\t\t\t\t\t<\/div>\n\t\t\t\t<\/div>\n\t\t<div class=\"elementor-element elementor-element-47d73ab e-flex e-con-boxed e-con e-parent\" data-id=\"47d73ab\" data-element_type=\"container\" data-e-type=\"container\">\n\t\t\t\t\t<div class=\"e-con-inner\">\n\t\t\t\t<div class=\"elementor-element elementor-element-36f1152 elementor-widget elementor-widget-text-editor\" data-id=\"36f1152\" data-element_type=\"widget\" data-e-type=\"widget\" data-widget_type=\"text-editor.default\">\n\t\t\t\t\t\t\t\t\t<p>Als Partner begann Leo, aktiv die M\u00f6glichkeiten der Anwendung moderner Technologien auf die traditionelle Bildhauerei zu erforschen. Er f\u00fchrte die 3D-Drucktechnologie ein und kombinierte dieses innovative Mittel mit traditionellen Bildhauertechniken, was der Produktlinie der Fabrik neues Leben einhauchte.<\/p><p>Unter Leos Einfluss begannen die Skulpturen der Fabrik einen einzigartigen Stil anzunehmen - die Zartheit und Tiefe der traditionellen Bildhauerei, aber auch die Neuartigkeit und Effizienz der modernen Technologie. Diese Verschmelzung der Stile machte die Werke der Fabrik auf dem Markt immer beliebter.<\/p>\t\t\t\t\t\t\t\t<\/div>\n\t\t\t\t\t<\/div>\n\t\t\t\t<\/div>\n\t\t<div class=\"elementor-element elementor-element-7a40235 e-flex e-con-boxed e-con e-parent\" data-id=\"7a40235\" data-element_type=\"container\" data-e-type=\"container\">\n\t\t\t\t\t<div class=\"e-con-inner\">\n\t\t<div class=\"elementor-element elementor-element-64cefa5 e-con-full e-flex e-con e-child\" data-id=\"64cefa5\" data-element_type=\"container\" data-e-type=\"container\">\n\t\t\t\t<div class=\"elementor-element elementor-element-fdf2688 elementor-widget elementor-widget-image\" data-id=\"fdf2688\" data-element_type=\"widget\" data-e-type=\"widget\" data-widget_type=\"image.default\">\n\t\t\t\t\t\t\t\t\t\t\t\t\t\t\t<img decoding=\"async\" width=\"800\" height=\"600\" src=\"https:\/\/sculptureshome.com\/wp-content\/uploads\/2024\/01\/mmexport1682444858808-1024x768.jpg\" class=\"attachment-large size-large wp-image-872\" alt=\"\" srcset=\"https:\/\/sculptureshome.com\/wp-content\/uploads\/2024\/01\/mmexport1682444858808-1024x768.jpg 1024w, https:\/\/sculptureshome.com\/wp-content\/uploads\/2024\/01\/mmexport1682444858808-300x225.jpg 300w, https:\/\/sculptureshome.com\/wp-content\/uploads\/2024\/01\/mmexport1682444858808-768x576.jpg 768w, https:\/\/sculptureshome.com\/wp-content\/uploads\/2024\/01\/mmexport1682444858808-600x450.jpg 600w, https:\/\/sculptureshome.com\/wp-content\/uploads\/2024\/01\/mmexport1682444858808.jpg 1440w\" sizes=\"(max-width: 800px) 100vw, 800px\" title=\"\">\t\t\t\t\t\t\t\t\t\t\t\t\t\t\t<\/div>\n\t\t\t\t<\/div>\n\t\t<div class=\"elementor-element elementor-element-4e4fc0a e-con-full e-flex e-con e-child\" data-id=\"4e4fc0a\" data-element_type=\"container\" data-e-type=\"container\">\n\t\t\t\t<div class=\"elementor-element elementor-element-61cc006 elementor-widget elementor-widget-image\" data-id=\"61cc006\" data-element_type=\"widget\" data-e-type=\"widget\" data-widget_type=\"image.default\">\n\t\t\t\t\t\t\t\t\t\t\t\t\t\t\t<img decoding=\"async\" width=\"768\" height=\"1024\" src=\"https:\/\/sculptureshome.com\/wp-content\/uploads\/2024\/03\/about-us-768x1024.jpg\" class=\"attachment-large size-large wp-image-1092\" alt=\"\" srcset=\"https:\/\/sculptureshome.com\/wp-content\/uploads\/2024\/03\/about-us-768x1024.jpg 768w, https:\/\/sculptureshome.com\/wp-content\/uploads\/2024\/03\/about-us-225x300.jpg 225w, https:\/\/sculptureshome.com\/wp-content\/uploads\/2024\/03\/about-us-600x800.jpg 600w, https:\/\/sculptureshome.com\/wp-content\/uploads\/2024\/03\/about-us.jpg 960w\" sizes=\"(max-width: 768px) 100vw, 768px\" title=\"\">\t\t\t\t\t\t\t\t\t\t\t\t\t\t\t<\/div>\n\t\t\t\t<\/div>\n\t\t\t\t\t<\/div>\n\t\t\t\t<\/div>\n\t\t\t\t<\/div>","protected":false},"excerpt":{"rendered":"<p>Our Story In a city full of creativity and vitality, there is a factory specializing in sculpture, and at the heart of this place is Leo, a sculptor who graduated from the Academy of Fine Arts and who not only has an in-depth understanding of traditional sculpting techniques, but also has a passion for incorporating [&hellip;]<\/p>\n","protected":false},"author":1,"featured_media":0,"parent":0,"menu_order":0,"comment_status":"closed","ping_status":"closed","template":"elementor_header_footer","meta":{"footnotes":""},"class_list":["post-864","page","type-page","status-publish","hentry"],"_links":{"self":[{"href":"https:\/\/sculptureshome.com\/de\/wp-json\/wp\/v2\/pages\/864","targetHints":{"allow":["GET"]}}],"collection":[{"href":"https:\/\/sculptureshome.com\/de\/wp-json\/wp\/v2\/pages"}],"about":[{"href":"https:\/\/sculptureshome.com\/de\/wp-json\/wp\/v2\/types\/page"}],"author":[{"embeddable":true,"href":"https:\/\/sculptureshome.com\/de\/wp-json\/wp\/v2\/users\/1"}],"replies":[{"embeddable":true,"href":"https:\/\/sculptureshome.com\/de\/wp-json\/wp\/v2\/comments?post=864"}],"version-history":[{"count":0,"href":"https:\/\/sculptureshome.com\/de\/wp-json\/wp\/v2\/pages\/864\/revisions"}],"wp:attachment":[{"href":"https:\/\/sculptureshome.com\/de\/wp-json\/wp\/v2\/media?parent=864"}],"curies":[{"name":"wp","href":"https:\/\/api.w.org\/{rel}","templated":true}]}}