{"id":3,"date":"2024-01-09T08:02:39","date_gmt":"2024-01-09T08:02:39","guid":{"rendered":"https:\/\/sculptureshome.com\/?page_id=3"},"modified":"2024-05-01T07:59:05","modified_gmt":"2024-05-01T07:59:05","slug":"datenschutzbestimmungen","status":"publish","type":"page","link":"https:\/\/sculptureshome.com\/de\/privacy-policy\/","title":{"rendered":"Datenschutzbestimmungen"},"content":{"rendered":"<p>sculptureshome.com ist konform mit der General Data Protection Regulation (GDPR) (EU) 2016\/679.<\/p>\n\n\n\n<p>Das bedeutet, dass wir offen \u00fcber unsere Methoden der Nachverfolgung und Verwendung der pers\u00f6nlichen Daten der Besucher sprechen, und Sie k\u00f6nnen frei \u00fcberpr\u00fcfen, was genau wir damit machen.<\/p>\n\n\n\n<p>Wir von sculptureshome sammeln:<\/p>\n\n\n\n<ul class=\"wp-block-list\">\n<li>Ihr Name und Nachname<\/li>\n\n\n\n<li>Ihre E-Mail Adresse<\/li>\n\n\n\n<li>Ihre physische Adresse<\/li>\n\n\n\n<li>Ihre Telefonnummer<\/li>\n\n\n\n<li>Die Daten \u00fcber den Browser und das Ger\u00e4t, das Sie zum Betrachten des Shops verwenden<\/li>\n\n\n\n<li>Die Art und Weise, wie Sie im Laden navigieren<\/li>\n<\/ul>\n\n\n\n<p>Wir erfassen Ihre Kontaktdaten, weil sie notwendig sind, um Ihre Bestellungen anzunehmen und zu bearbeiten und um sicherzustellen, dass Sie Ihre Pakete erhalten haben.<\/p>\n\n\n\n<p>Wir erfassen die Details Ihrer technischen Ausstattung und Ihres Verhaltens vor Ort, um unseren Shop benutzerfreundlicher zu gestalten und unsere Shop-Dienste f\u00fcr Sie zu personalisieren (z. B. um den Shop automatisch auf die mobile Version umzustellen).<\/p>\n\n\n\n<p>Unser Shop arbeitet mit externen Unternehmen zusammen, die uns helfen, Ihnen den besten Service zu bieten, und diese Dritten verwenden auch einige der pers\u00f6nlichen Daten, die Sie hinterlassen. Wir beschr\u00e4nken die Daten, auf die sie zugreifen k\u00f6nnen, auf das, was f\u00fcr sie notwendig ist, um ihre Verpflichtungen zu erf\u00fcllen.<\/p>\n\n\n\n<ul class=\"wp-block-list\">\n<li>Zahlungsdienste verwenden Ihre Kreditkartennummer, Ihren Namen und Nachnamen, um Ihre Zahlungen f\u00fcr unsere Produkte zu \u00fcberpr\u00fcfen und zu bearbeiten.<\/li>\n\n\n\n<li>Unsere Hersteller und Lagerhalter nutzen die Daten Ihres Bestellinhalts, um das notwendige Paket f\u00fcr Sie zusammenzustellen<\/li>\n\n\n\n<li>Postdienste verwenden Ihren Vornamen, Nachnamen und Ihre Anschrift, um die Lieferung des Produkts f\u00fcr Sie zu organisieren.<\/li>\n\n\n\n<li>Massenversanddienste verwenden Ihre E-Mail-Adresse, um Ihnen E-Mails zu senden (wenn Sie sich daf\u00fcr angemeldet haben).<\/li>\n<\/ul>\n\n\n\n<p>Wenn Sie nach der Lekt\u00fcre dieser Datenschutzrichtlinie weiter in unserem Webshop surfen, geben Sie uns die Erlaubnis, Ihre pers\u00f6nlichen Daten f\u00fcr die oben beschriebenen Zwecke zu verwenden.<\/p>\n\n\n\n<p>Wenn Sie mit diesen Bedingungen nicht einverstanden sind, verlassen Sie bitte diese Website.<\/p>\n\n\n\n<p>Sie k\u00f6nnen uns eine E-Mail an manager@sculptureshome.com schicken und fragen:<\/p>\n\n\n\n<ul class=\"wp-block-list\">\n<li>Um eine Kopie Ihrer pers\u00f6nlichen Daten zu erhalten, die wir gesammelt haben<\/li>\n\n\n\n<li>So l\u00f6schen Sie Ihre pers\u00f6nlichen Daten aus unserem System<\/li>\n\n\n\n<li>um Ihre Zustimmung zu widerrufen (wenn Sie zuvor zugestimmt haben, uns die Daten zu \u00fcbermitteln, es sich dann aber anders \u00fcberlegt haben)<\/li>\n<\/ul>\n\n\n\n<p>Wir tun unser Bestes, um die Sicherheit Ihrer pers\u00f6nlichen Daten zu gew\u00e4hrleisten, w\u00e4hrend wir sie aufbewahren und verwenden.<\/p>\n\n\n\n<p>Vielen Dank f\u00fcr Ihre Mitarbeit!<\/p>","protected":false},"excerpt":{"rendered":"<p>sculptureshome.com is compliant with The General Data Protection Regulation (GDPR) (EU) 2016\/679. It means that we are open about our methods of tracking and use of the visitors\u2019 personal data, and you can freely check what exactly we\u2019re doing to it. At sculptureshome, we collect: We gather your contact details because they are necessary to [&hellip;]<\/p>\n","protected":false},"author":1,"featured_media":0,"parent":0,"menu_order":0,"comment_status":"closed","ping_status":"open","template":"","meta":{"footnotes":""},"class_list":["post-3","page","type-page","status-publish","hentry"],"_links":{"self":[{"href":"https:\/\/sculptureshome.com\/de\/wp-json\/wp\/v2\/pages\/3","targetHints":{"allow":["GET"]}}],"collection":[{"href":"https:\/\/sculptureshome.com\/de\/wp-json\/wp\/v2\/pages"}],"about":[{"href":"https:\/\/sculptureshome.com\/de\/wp-json\/wp\/v2\/types\/page"}],"author":[{"embeddable":true,"href":"https:\/\/sculptureshome.com\/de\/wp-json\/wp\/v2\/users\/1"}],"replies":[{"embeddable":true,"href":"https:\/\/sculptureshome.com\/de\/wp-json\/wp\/v2\/comments?post=3"}],"version-history":[{"count":0,"href":"https:\/\/sculptureshome.com\/de\/wp-json\/wp\/v2\/pages\/3\/revisions"}],"wp:attachment":[{"href":"https:\/\/sculptureshome.com\/de\/wp-json\/wp\/v2\/media?parent=3"}],"curies":[{"name":"wp","href":"https:\/\/api.w.org\/{rel}","templated":true}]}}