{"id":24,"date":"2024-01-09T14:15:04","date_gmt":"2024-01-09T14:15:04","guid":{"rendered":"https:\/\/sculptureshome.com\/?page_id=24"},"modified":"2025-01-27T04:55:01","modified_gmt":"2025-01-27T04:55:01","slug":"uber-uns","status":"publish","type":"page","link":"https:\/\/sculptureshome.com\/de\/about-us\/","title":{"rendered":"\u00dcber uns"},"content":{"rendered":"<div data-elementor-type=\"wp-page\" data-elementor-id=\"24\" class=\"elementor elementor-24\" data-elementor-post-type=\"page\">\n\t\t\t\t<div class=\"elementor-element elementor-element-44e69f9a e-con-full e-flex e-con e-parent\" data-id=\"44e69f9a\" data-element_type=\"container\" data-e-type=\"container\">\n\t\t<div class=\"elementor-element elementor-element-55fd4203 e-con-full e-flex e-con e-child\" data-id=\"55fd4203\" data-element_type=\"container\" data-e-type=\"container\">\n\t\t\t\t<div class=\"elementor-element elementor-element-3956f7e1 elementor-widget elementor-widget-heading\" data-id=\"3956f7e1\" data-element_type=\"widget\" data-e-type=\"widget\" data-widget_type=\"heading.default\">\n\t\t\t\t\t<h1 class=\"elementor-heading-title elementor-size-default\">\u00dcber uns<\/h1>\t\t\t\t<\/div>\n\t\t\t\t<div class=\"elementor-element elementor-element-52299235 elementor-widget elementor-widget-text-editor\" data-id=\"52299235\" data-element_type=\"widget\" data-e-type=\"widget\" data-widget_type=\"text-editor.default\">\n\t\t\t\t\t\t\t\t\t<p>&nbsp;Nach mehr als einem Jahrzehnt harter Arbeit und Entwicklung ist sculptureshome zu einem f\u00fchrenden Anbieter von Skulpturen in der Welt und in China geworden. Durch die Zusammenarbeit mit Top-Designern und K\u00fcnstlern fertigt sculptureshome individuelle und einzigartige skulpturale Kunstwerke f\u00fcr die Innenausstattung von Geb\u00e4uden und Einrichtungen. Zu unseren typischen Kunden geh\u00f6ren Innenausstattungsfirmen, Einrichtungen wie Hotels, Restaurants und B\u00fcros, einzelne Grafikdesigner, Fotografen, Maler und andere K\u00fcnstler, M\u00f6belzentren, Galerien, H\u00e4ndler und Distributoren sowie Marken, die individuelle Geschenke f\u00fcr Verbraucher entwerfen.<\/p>\t\t\t\t\t\t\t\t<\/div>\n\t\t\t\t<\/div>\n\t\t<div class=\"elementor-element elementor-element-28eb0304 e-con-full e-flex e-con e-child\" data-id=\"28eb0304\" data-element_type=\"container\" data-e-type=\"container\" data-settings=\"{&quot;background_background&quot;:&quot;classic&quot;}\">\n\t\t\t\t<div class=\"elementor-element elementor-element-38a9d0e7 elementor-widget elementor-widget-image\" data-id=\"38a9d0e7\" data-element_type=\"widget\" data-e-type=\"widget\" data-widget_type=\"image.default\">\n\t\t\t\t\t\t\t\t\t\t\t\t\t\t\t<img fetchpriority=\"high\" decoding=\"async\" width=\"800\" height=\"800\" src=\"https:\/\/sculptureshome.com\/wp-content\/uploads\/2024\/01\/cover-1024x1024.jpg\" class=\"attachment-large size-large wp-image-60\" alt=\"\" srcset=\"https:\/\/sculptureshome.com\/wp-content\/uploads\/2024\/01\/cover-1024x1024.jpg 1024w, https:\/\/sculptureshome.com\/wp-content\/uploads\/2024\/01\/cover-300x300.jpg 300w, https:\/\/sculptureshome.com\/wp-content\/uploads\/2024\/01\/cover-150x150.jpg 150w, https:\/\/sculptureshome.com\/wp-content\/uploads\/2024\/01\/cover-768x768.jpg 768w, https:\/\/sculptureshome.com\/wp-content\/uploads\/2024\/01\/cover-1536x1536.jpg 1536w, https:\/\/sculptureshome.com\/wp-content\/uploads\/2024\/01\/cover-600x600.jpg 600w, https:\/\/sculptureshome.com\/wp-content\/uploads\/2024\/01\/cover-100x100.jpg 100w, https:\/\/sculptureshome.com\/wp-content\/uploads\/2024\/01\/cover.jpg 2000w\" sizes=\"(max-width: 800px) 100vw, 800px\" title=\"\">\t\t\t\t\t\t\t\t\t\t\t\t\t\t\t<\/div>\n\t\t\t\t<\/div>\n\t\t\t\t<\/div>\n\t\t<div class=\"elementor-element elementor-element-16b04769 e-flex e-con-boxed e-con e-parent\" data-id=\"16b04769\" data-element_type=\"container\" data-e-type=\"container\">\n\t\t\t\t\t<div class=\"e-con-inner\">\n\t\t<div class=\"elementor-element elementor-element-65169b51 e-con-full e-flex e-con e-child\" data-id=\"65169b51\" data-element_type=\"container\" data-e-type=\"container\">\n\t\t\t\t<div class=\"elementor-element elementor-element-b86dc98 elementor-widget elementor-widget-image\" data-id=\"b86dc98\" data-element_type=\"widget\" data-e-type=\"widget\" data-widget_type=\"image.default\">\n\t\t\t\t\t\t\t\t\t\t\t\t\t\t\t<img decoding=\"async\" width=\"768\" height=\"1024\" src=\"https:\/\/sculptureshome.com\/wp-content\/uploads\/2024\/03\/mmexport1654498810224-768x1024.jpg\" class=\"attachment-large size-large wp-image-1101\" alt=\"\" srcset=\"https:\/\/sculptureshome.com\/wp-content\/uploads\/2024\/03\/mmexport1654498810224-768x1024.jpg 768w, https:\/\/sculptureshome.com\/wp-content\/uploads\/2024\/03\/mmexport1654498810224-225x300.jpg 225w, https:\/\/sculptureshome.com\/wp-content\/uploads\/2024\/03\/mmexport1654498810224-600x800.jpg 600w, https:\/\/sculptureshome.com\/wp-content\/uploads\/2024\/03\/mmexport1654498810224.jpg 1080w\" sizes=\"(max-width: 768px) 100vw, 768px\" title=\"\">\t\t\t\t\t\t\t\t\t\t\t\t\t\t\t<\/div>\n\t\t\t\t<\/div>\n\t\t<div class=\"elementor-element elementor-element-5411c983 e-con-full e-flex e-con e-child\" data-id=\"5411c983\" data-element_type=\"container\" data-e-type=\"container\">\n\t\t\t\t<div class=\"elementor-element elementor-element-3fd9e197 elementor-widget elementor-widget-heading\" data-id=\"3fd9e197\" data-element_type=\"widget\" data-e-type=\"widget\" data-widget_type=\"heading.default\">\n\t\t\t\t\t<h2 class=\"elementor-heading-title elementor-size-default\">Unser Auftrag<\/h2>\t\t\t\t<\/div>\n\t\t\t\t<div class=\"elementor-element elementor-element-517f464a elementor-widget elementor-widget-text-editor\" data-id=\"517f464a\" data-element_type=\"widget\" data-e-type=\"widget\" data-widget_type=\"text-editor.default\">\n\t\t\t\t\t\t\t\t\t<p>Unsere Aufgabe im House of Sculpture ist es, herausragende Skulpturen zu schaffen, die den Betrachter ansprechen und bewegen. Wir verpflichten uns zu Spitzenleistungen in jedem Werk und stellen sicher, dass jede Skulptur ein Zeugnis unseres K\u00f6nnens, unserer Leidenschaft und unserer Liebe zum Detail ist. Wir bem\u00fchen uns, mit unseren Kunden zusammenzuarbeiten, um ihre Visionen zu verstehen und sie mit unserem k\u00fcnstlerischen Fachwissen zum Leben zu erwecken. Durch die Einhaltung der h\u00f6chsten Qualit\u00e4ts- und Kreativit\u00e4tsstandards wollen wir einen bedeutenden Beitrag zur Welt der Kunst und Kultur leisten.<\/p>\t\t\t\t\t\t\t\t<\/div>\n\t\t\t\t<\/div>\n\t\t\t\t\t<\/div>\n\t\t\t\t<\/div>\n\t\t<div class=\"elementor-element elementor-element-b003e9b e-flex e-con-boxed e-con e-parent\" data-id=\"b003e9b\" data-element_type=\"container\" data-e-type=\"container\">\n\t\t\t\t\t<div class=\"e-con-inner\">\n\t\t\t\t<div class=\"elementor-element elementor-element-3272efa elementor-widget-divider--view-line_text elementor-widget-divider--element-align-center elementor-widget elementor-widget-divider\" data-id=\"3272efa\" data-element_type=\"widget\" data-e-type=\"widget\" data-widget_type=\"divider.default\">\n\t\t\t\t\t\t\t<div class=\"elementor-divider\">\n\t\t\t<span class=\"elementor-divider-separator\">\n\t\t\t\t\t\t\t<span class=\"elementor-divider__text elementor-divider__element\">\n\t\t\t\tUnser Fall \t\t\t\t<\/span>\n\t\t\t\t\t\t<\/span>\n\t\t<\/div>\n\t\t\t\t\t\t<\/div>\n\t\t\t\t<div class=\"elementor-element elementor-element-aab518f elementor-widget elementor-widget-gallery\" data-id=\"aab518f\" data-element_type=\"widget\" data-e-type=\"widget\" data-settings=\"{&quot;gap&quot;:{&quot;unit&quot;:&quot;px&quot;,&quot;size&quot;:15,&quot;sizes&quot;:[]},&quot;lazyload&quot;:&quot;yes&quot;,&quot;gallery_layout&quot;:&quot;grid&quot;,&quot;columns&quot;:4,&quot;columns_tablet&quot;:2,&quot;columns_mobile&quot;:1,&quot;gap_tablet&quot;:{&quot;unit&quot;:&quot;px&quot;,&quot;size&quot;:10,&quot;sizes&quot;:[]},&quot;gap_mobile&quot;:{&quot;unit&quot;:&quot;px&quot;,&quot;size&quot;:10,&quot;sizes&quot;:[]},&quot;link_to&quot;:&quot;file&quot;,&quot;aspect_ratio&quot;:&quot;3:2&quot;,&quot;overlay_background&quot;:&quot;yes&quot;,&quot;content_hover_animation&quot;:&quot;fade-in&quot;}\" data-widget_type=\"gallery.default\">\n\t\t\t\t\t\t\t<div class=\"elementor-gallery__container\">\n\t\t\t\t\t\t\t<a class=\"e-gallery-item elementor-gallery-item elementor-animated-content\" href=\"https:\/\/sculptureshome.com\/wp-content\/uploads\/2024\/03\/1995713611.jpg\" data-elementor-open-lightbox=\"yes\" data-elementor-lightbox-slideshow=\"aab518f\" data-elementor-lightbox-title=\"1995713611\" data-e-action-hash=\"#elementor-action%3Aaction%3Dlightbox%26settings%3DeyJpZCI6MTEwNiwidXJsIjoiaHR0cHM6XC9cL3NjdWxwdHVyZXNob21lLmNvbVwvd3AtY29udGVudFwvdXBsb2Fkc1wvMjAyNFwvMDNcLzE5OTU3MTM2MTEuanBnIiwic2xpZGVzaG93IjoiYWFiNTE4ZiJ9\">\n\t\t\t\t\t<div class=\"e-gallery-image elementor-gallery-item__image\" data-thumbnail=\"https:\/\/sculptureshome.com\/wp-content\/uploads\/2024\/03\/1995713611.jpg\" data-width=\"1080\" data-height=\"810\" aria-label=\"\" role=\"img\" ><\/div>\n\t\t\t\t\t\t\t\t\t\t\t<div class=\"elementor-gallery-item__overlay\"><\/div>\n\t\t\t\t\t\t\t\t\t\t\t\t\t\t<\/a>\n\t\t\t\t\t\t\t<a class=\"e-gallery-item elementor-gallery-item elementor-animated-content\" href=\"https:\/\/sculptureshome.com\/wp-content\/uploads\/2024\/03\/IMG_20231215_185541_757.jpg\" data-elementor-open-lightbox=\"yes\" data-elementor-lightbox-slideshow=\"aab518f\" data-elementor-lightbox-title=\"IMG_20231215_185541_757\" data-e-action-hash=\"#elementor-action%3Aaction%3Dlightbox%26settings%3DeyJpZCI6MTEwNywidXJsIjoiaHR0cHM6XC9cL3NjdWxwdHVyZXNob21lLmNvbVwvd3AtY29udGVudFwvdXBsb2Fkc1wvMjAyNFwvMDNcL0lNR18yMDIzMTIxNV8xODU1NDFfNzU3LmpwZyIsInNsaWRlc2hvdyI6ImFhYjUxOGYifQ%3D%3D\">\n\t\t\t\t\t<div class=\"e-gallery-image elementor-gallery-item__image\" data-thumbnail=\"https:\/\/sculptureshome.com\/wp-content\/uploads\/2024\/03\/IMG_20231215_185541_757.jpg\" data-width=\"1200\" data-height=\"1200\" aria-label=\"\" role=\"img\" ><\/div>\n\t\t\t\t\t\t\t\t\t\t\t<div class=\"elementor-gallery-item__overlay\"><\/div>\n\t\t\t\t\t\t\t\t\t\t\t\t\t\t<\/a>\n\t\t\t\t\t\t\t<a class=\"e-gallery-item elementor-gallery-item elementor-animated-content\" href=\"https:\/\/sculptureshome.com\/wp-content\/uploads\/2024\/03\/mmexport1644068216583.jpg\" data-elementor-open-lightbox=\"yes\" data-elementor-lightbox-slideshow=\"aab518f\" data-elementor-lightbox-title=\"mmexport1644068216583\" data-e-action-hash=\"#elementor-action%3Aaction%3Dlightbox%26settings%3DeyJpZCI6MTEwOCwidXJsIjoiaHR0cHM6XC9cL3NjdWxwdHVyZXNob21lLmNvbVwvd3AtY29udGVudFwvdXBsb2Fkc1wvMjAyNFwvMDNcL21tZXhwb3J0MTY0NDA2ODIxNjU4My5qcGciLCJzbGlkZXNob3ciOiJhYWI1MThmIn0%3D\">\n\t\t\t\t\t<div class=\"e-gallery-image elementor-gallery-item__image\" data-thumbnail=\"https:\/\/sculptureshome.com\/wp-content\/uploads\/2024\/03\/mmexport1644068216583.jpg\" data-width=\"1440\" data-height=\"1080\" aria-label=\"\" role=\"img\" ><\/div>\n\t\t\t\t\t\t\t\t\t\t\t<div class=\"elementor-gallery-item__overlay\"><\/div>\n\t\t\t\t\t\t\t\t\t\t\t\t\t\t<\/a>\n\t\t\t\t\t\t\t<a class=\"e-gallery-item elementor-gallery-item elementor-animated-content\" href=\"https:\/\/sculptureshome.com\/wp-content\/uploads\/2024\/03\/mmexport1658050382899.jpg\" data-elementor-open-lightbox=\"yes\" data-elementor-lightbox-slideshow=\"aab518f\" data-elementor-lightbox-title=\"mmexport1658050382899\" data-e-action-hash=\"#elementor-action%3Aaction%3Dlightbox%26settings%3DeyJpZCI6MTEwOSwidXJsIjoiaHR0cHM6XC9cL3NjdWxwdHVyZXNob21lLmNvbVwvd3AtY29udGVudFwvdXBsb2Fkc1wvMjAyNFwvMDNcL21tZXhwb3J0MTY1ODA1MDM4Mjg5OS5qcGciLCJzbGlkZXNob3ciOiJhYWI1MThmIn0%3D\">\n\t\t\t\t\t<div class=\"e-gallery-image elementor-gallery-item__image\" data-thumbnail=\"https:\/\/sculptureshome.com\/wp-content\/uploads\/2024\/03\/mmexport1658050382899.jpg\" data-width=\"2276\" data-height=\"1280\" aria-label=\"\" role=\"img\" ><\/div>\n\t\t\t\t\t\t\t\t\t\t\t<div class=\"elementor-gallery-item__overlay\"><\/div>\n\t\t\t\t\t\t\t\t\t\t\t\t\t\t<\/a>\n\t\t\t\t\t\t\t<a class=\"e-gallery-item elementor-gallery-item elementor-animated-content\" href=\"https:\/\/sculptureshome.com\/wp-content\/uploads\/2024\/03\/mmexport1658050439783.jpg\" data-elementor-open-lightbox=\"yes\" data-elementor-lightbox-slideshow=\"aab518f\" data-elementor-lightbox-title=\"mmexport1658050439783\" data-e-action-hash=\"#elementor-action%3Aaction%3Dlightbox%26settings%3DeyJpZCI6MTExMCwidXJsIjoiaHR0cHM6XC9cL3NjdWxwdHVyZXNob21lLmNvbVwvd3AtY29udGVudFwvdXBsb2Fkc1wvMjAyNFwvMDNcL21tZXhwb3J0MTY1ODA1MDQzOTc4My5qcGciLCJzbGlkZXNob3ciOiJhYWI1MThmIn0%3D\">\n\t\t\t\t\t<div class=\"e-gallery-image elementor-gallery-item__image\" data-thumbnail=\"https:\/\/sculptureshome.com\/wp-content\/uploads\/2024\/03\/mmexport1658050439783.jpg\" data-width=\"1080\" data-height=\"1440\" aria-label=\"\" role=\"img\" ><\/div>\n\t\t\t\t\t\t\t\t\t\t\t<div class=\"elementor-gallery-item__overlay\"><\/div>\n\t\t\t\t\t\t\t\t\t\t\t\t\t\t<\/a>\n\t\t\t\t\t\t\t<a class=\"e-gallery-item elementor-gallery-item elementor-animated-content\" href=\"https:\/\/sculptureshome.com\/wp-content\/uploads\/2024\/03\/mmexport1681190104627.jpg\" data-elementor-open-lightbox=\"yes\" data-elementor-lightbox-slideshow=\"aab518f\" data-elementor-lightbox-title=\"mmexport1681190104627\" data-e-action-hash=\"#elementor-action%3Aaction%3Dlightbox%26settings%3DeyJpZCI6MTExMSwidXJsIjoiaHR0cHM6XC9cL3NjdWxwdHVyZXNob21lLmNvbVwvd3AtY29udGVudFwvdXBsb2Fkc1wvMjAyNFwvMDNcL21tZXhwb3J0MTY4MTE5MDEwNDYyNy5qcGciLCJzbGlkZXNob3ciOiJhYWI1MThmIn0%3D\">\n\t\t\t\t\t<div class=\"e-gallery-image elementor-gallery-item__image\" data-thumbnail=\"https:\/\/sculptureshome.com\/wp-content\/uploads\/2024\/03\/mmexport1681190104627.jpg\" data-width=\"984\" data-height=\"888\" aria-label=\"\" role=\"img\" ><\/div>\n\t\t\t\t\t\t\t\t\t\t\t<div class=\"elementor-gallery-item__overlay\"><\/div>\n\t\t\t\t\t\t\t\t\t\t\t\t\t\t<\/a>\n\t\t\t\t\t\t\t<a class=\"e-gallery-item elementor-gallery-item elementor-animated-content\" href=\"https:\/\/sculptureshome.com\/wp-content\/uploads\/2024\/03\/mmexport1672648817256.jpg\" data-elementor-open-lightbox=\"yes\" data-elementor-lightbox-slideshow=\"aab518f\" data-elementor-lightbox-title=\"mmexport1672648817256\" data-e-action-hash=\"#elementor-action%3Aaction%3Dlightbox%26settings%3DeyJpZCI6MTExMiwidXJsIjoiaHR0cHM6XC9cL3NjdWxwdHVyZXNob21lLmNvbVwvd3AtY29udGVudFwvdXBsb2Fkc1wvMjAyNFwvMDNcL21tZXhwb3J0MTY3MjY0ODgxNzI1Ni5qcGciLCJzbGlkZXNob3ciOiJhYWI1MThmIn0%3D\">\n\t\t\t\t\t<div class=\"e-gallery-image elementor-gallery-item__image\" data-thumbnail=\"https:\/\/sculptureshome.com\/wp-content\/uploads\/2024\/03\/mmexport1672648817256.jpg\" data-width=\"1080\" data-height=\"1440\" aria-label=\"\" role=\"img\" ><\/div>\n\t\t\t\t\t\t\t\t\t\t\t<div class=\"elementor-gallery-item__overlay\"><\/div>\n\t\t\t\t\t\t\t\t\t\t\t\t\t\t<\/a>\n\t\t\t\t\t\t\t<a class=\"e-gallery-item elementor-gallery-item elementor-animated-content\" href=\"https:\/\/sculptureshome.com\/wp-content\/uploads\/2024\/03\/mmexport1703384479764.jpg\" data-elementor-open-lightbox=\"yes\" data-elementor-lightbox-slideshow=\"aab518f\" data-elementor-lightbox-title=\"mmexport1703384479764\" data-e-action-hash=\"#elementor-action%3Aaction%3Dlightbox%26settings%3DeyJpZCI6MTExMywidXJsIjoiaHR0cHM6XC9cL3NjdWxwdHVyZXNob21lLmNvbVwvd3AtY29udGVudFwvdXBsb2Fkc1wvMjAyNFwvMDNcL21tZXhwb3J0MTcwMzM4NDQ3OTc2NC5qcGciLCJzbGlkZXNob3ciOiJhYWI1MThmIn0%3D\">\n\t\t\t\t\t<div class=\"e-gallery-image elementor-gallery-item__image\" data-thumbnail=\"https:\/\/sculptureshome.com\/wp-content\/uploads\/2024\/03\/mmexport1703384479764.jpg\" data-width=\"1200\" data-height=\"2133\" aria-label=\"\" role=\"img\" ><\/div>\n\t\t\t\t\t\t\t\t\t\t\t<div class=\"elementor-gallery-item__overlay\"><\/div>\n\t\t\t\t\t\t\t\t\t\t\t\t\t\t<\/a>\n\t\t\t\t\t\t\t<a class=\"e-gallery-item elementor-gallery-item elementor-animated-content\" href=\"https:\/\/sculptureshome.com\/wp-content\/uploads\/2024\/03\/IMG-20231220-WA0015.jpg\" data-elementor-open-lightbox=\"yes\" data-elementor-lightbox-slideshow=\"aab518f\" data-elementor-lightbox-title=\"IMG-20231220-WA0015\" data-e-action-hash=\"#elementor-action%3Aaction%3Dlightbox%26settings%3DeyJpZCI6MTExNCwidXJsIjoiaHR0cHM6XC9cL3NjdWxwdHVyZXNob21lLmNvbVwvd3AtY29udGVudFwvdXBsb2Fkc1wvMjAyNFwvMDNcL0lNRy0yMDIzMTIyMC1XQTAwMTUuanBnIiwic2xpZGVzaG93IjoiYWFiNTE4ZiJ9\">\n\t\t\t\t\t<div class=\"e-gallery-image elementor-gallery-item__image\" data-thumbnail=\"https:\/\/sculptureshome.com\/wp-content\/uploads\/2024\/03\/IMG-20231220-WA0015.jpg\" data-width=\"1200\" data-height=\"900\" aria-label=\"\" role=\"img\" ><\/div>\n\t\t\t\t\t\t\t\t\t\t\t<div class=\"elementor-gallery-item__overlay\"><\/div>\n\t\t\t\t\t\t\t\t\t\t\t\t\t\t<\/a>\n\t\t\t\t\t\t\t<a class=\"e-gallery-item elementor-gallery-item elementor-animated-content\" href=\"https:\/\/sculptureshome.com\/wp-content\/uploads\/2024\/03\/mmexport1682399418690.jpg\" data-elementor-open-lightbox=\"yes\" data-elementor-lightbox-slideshow=\"aab518f\" data-elementor-lightbox-title=\"mmexport1682399418690\" data-e-action-hash=\"#elementor-action%3Aaction%3Dlightbox%26settings%3DeyJpZCI6MTExNSwidXJsIjoiaHR0cHM6XC9cL3NjdWxwdHVyZXNob21lLmNvbVwvd3AtY29udGVudFwvdXBsb2Fkc1wvMjAyNFwvMDNcL21tZXhwb3J0MTY4MjM5OTQxODY5MC5qcGciLCJzbGlkZXNob3ciOiJhYWI1MThmIn0%3D\">\n\t\t\t\t\t<div class=\"e-gallery-image elementor-gallery-item__image\" data-thumbnail=\"https:\/\/sculptureshome.com\/wp-content\/uploads\/2024\/03\/mmexport1682399418690.jpg\" data-width=\"1200\" data-height=\"800\" aria-label=\"\" role=\"img\" ><\/div>\n\t\t\t\t\t\t\t\t\t\t\t<div class=\"elementor-gallery-item__overlay\"><\/div>\n\t\t\t\t\t\t\t\t\t\t\t\t\t\t<\/a>\n\t\t\t\t\t\t\t<a class=\"e-gallery-item elementor-gallery-item elementor-animated-content\" href=\"https:\/\/sculptureshome.com\/wp-content\/uploads\/2024\/03\/mmexport1688542654123.jpg\" data-elementor-open-lightbox=\"yes\" data-elementor-lightbox-slideshow=\"aab518f\" data-elementor-lightbox-title=\"mmexport1688542654123\" data-e-action-hash=\"#elementor-action%3Aaction%3Dlightbox%26settings%3DeyJpZCI6MTExNywidXJsIjoiaHR0cHM6XC9cL3NjdWxwdHVyZXNob21lLmNvbVwvd3AtY29udGVudFwvdXBsb2Fkc1wvMjAyNFwvMDNcL21tZXhwb3J0MTY4ODU0MjY1NDEyMy5qcGciLCJzbGlkZXNob3ciOiJhYWI1MThmIn0%3D\">\n\t\t\t\t\t<div class=\"e-gallery-image elementor-gallery-item__image\" data-thumbnail=\"https:\/\/sculptureshome.com\/wp-content\/uploads\/2024\/03\/mmexport1688542654123.jpg\" data-width=\"1422\" data-height=\"800\" aria-label=\"\" role=\"img\" ><\/div>\n\t\t\t\t\t\t\t\t\t\t\t<div class=\"elementor-gallery-item__overlay\"><\/div>\n\t\t\t\t\t\t\t\t\t\t\t\t\t\t<\/a>\n\t\t\t\t\t\t\t<a class=\"e-gallery-item elementor-gallery-item elementor-animated-content\" href=\"https:\/\/sculptureshome.com\/wp-content\/uploads\/2024\/03\/mmexport1705816136643.jpg\" data-elementor-open-lightbox=\"yes\" data-elementor-lightbox-slideshow=\"aab518f\" data-elementor-lightbox-title=\"mmexport1705816136643\" data-e-action-hash=\"#elementor-action%3Aaction%3Dlightbox%26settings%3DeyJpZCI6MTExOCwidXJsIjoiaHR0cHM6XC9cL3NjdWxwdHVyZXNob21lLmNvbVwvd3AtY29udGVudFwvdXBsb2Fkc1wvMjAyNFwvMDNcL21tZXhwb3J0MTcwNTgxNjEzNjY0My5qcGciLCJzbGlkZXNob3ciOiJhYWI1MThmIn0%3D\">\n\t\t\t\t\t<div class=\"e-gallery-image elementor-gallery-item__image\" data-thumbnail=\"https:\/\/sculptureshome.com\/wp-content\/uploads\/2024\/03\/mmexport1705816136643.jpg\" data-width=\"1200\" data-height=\"1599\" aria-label=\"\" role=\"img\" ><\/div>\n\t\t\t\t\t\t\t\t\t\t\t<div class=\"elementor-gallery-item__overlay\"><\/div>\n\t\t\t\t\t\t\t\t\t\t\t\t\t\t<\/a>\n\t\t\t\t\t<\/div>\n\t\t\t\t\t<\/div>\n\t\t\t\t\t<\/div>\n\t\t\t\t<\/div>\n\t\t\t\t<\/div>","protected":false},"excerpt":{"rendered":"<p>About Us\u200b &nbsp;After more than a decade of hard work and development, sculptureshome has become a leading sculpture supplier in the world and China. By collaborating with top designers and artists, sculptureshome customizes and produces one-of-a-kind sculptural works of art for top interior and facility d\u00e9cor. Our typical clients include interior design firms, facilities such [&hellip;]<\/p>\n","protected":false},"author":1,"featured_media":0,"parent":0,"menu_order":0,"comment_status":"closed","ping_status":"closed","template":"elementor_header_footer","meta":{"footnotes":""},"class_list":["post-24","page","type-page","status-publish","hentry"],"_links":{"self":[{"href":"https:\/\/sculptureshome.com\/de\/wp-json\/wp\/v2\/pages\/24","targetHints":{"allow":["GET"]}}],"collection":[{"href":"https:\/\/sculptureshome.com\/de\/wp-json\/wp\/v2\/pages"}],"about":[{"href":"https:\/\/sculptureshome.com\/de\/wp-json\/wp\/v2\/types\/page"}],"author":[{"embeddable":true,"href":"https:\/\/sculptureshome.com\/de\/wp-json\/wp\/v2\/users\/1"}],"replies":[{"embeddable":true,"href":"https:\/\/sculptureshome.com\/de\/wp-json\/wp\/v2\/comments?post=24"}],"version-history":[{"count":0,"href":"https:\/\/sculptureshome.com\/de\/wp-json\/wp\/v2\/pages\/24\/revisions"}],"wp:attachment":[{"href":"https:\/\/sculptureshome.com\/de\/wp-json\/wp\/v2\/media?parent=24"}],"curies":[{"name":"wp","href":"https:\/\/api.w.org\/{rel}","templated":true}]}}