{"id":492,"date":"2024-01-28T07:55:51","date_gmt":"2024-01-28T07:55:51","guid":{"rendered":"https:\/\/sculptureshome.com\/?post_type=product&#038;p=492"},"modified":"2024-03-08T13:08:58","modified_gmt":"2024-03-08T13:08:58","slug":"farverig-noddeknaekker-soldat-i-glasfiber-i-naturlig-storrelse","status":"publish","type":"product","link":"https:\/\/sculptureshome.com\/da\/product\/colorful-nutcracker-soldier-fiberglass-life-size-statue\/","title":{"rendered":"Farverig n\u00f8ddekn\u00e6kker-soldat i glasfiber i naturlig st\u00f8rrelse"},"content":{"rendered":"<div class=\"attribute-item\">\n<div class=\"left\" data-spm-anchor-id=\"a2700.details.0.i87.750765b5aVgCYi\">Oprindelsessted\uff1aZhejiang, Kina<\/div>\n<div class=\"right\">Materiale: Harpiks<\/div>\n<div>Stil: Folkekunst Billedkunst Offentlig kunst<\/div>\n<\/div>\n<div class=\"attribute-item\">\n<div class=\"left\">Anvendelse: Juledekoration og gave<\/div>\n<\/div>\n<div class=\"attribute-item\">\n<div class=\"left\">Materiale: Glasfiber osv.<\/div>\n<\/div>\n<div class=\"attribute-item\">\n<div class=\"left\">Fordel: Professionel produktion<\/div>\n<div class=\"right\">Form, st\u00f8rrelse: underst\u00f8tter tilpasning<\/div>\n<div>Farve: enhver farve<\/div>\n<\/div>","protected":false},"excerpt":{"rendered":"<p>Oprindelsessted\uff1aZhejiang, Kina Materiale: Harpiks Stil: Folkekunst Fin kunst Offentlig kunst Anvendelse: Ferie dekoration &amp; gave Materiale: Glasfiber osv. Fordel: Professionel produktion Form, st\u00f8rrelse: supporttilpasning Farve: enhver farve<\/p>","protected":false},"featured_media":493,"comment_status":"open","ping_status":"closed","template":"","meta":[],"product_brand":[],"product_cat":[30,24],"product_tag":[],"class_list":{"0":"post-492","1":"product","2":"type-product","3":"status-publish","4":"has-post-thumbnail","6":"product_cat-fiberglass-sculpture","7":"product_cat-human-statue","9":"first","10":"instock","11":"shipping-taxable","12":"product-type-simple"},"_links":{"self":[{"href":"https:\/\/sculptureshome.com\/da\/wp-json\/wp\/v2\/product\/492","targetHints":{"allow":["GET"]}}],"collection":[{"href":"https:\/\/sculptureshome.com\/da\/wp-json\/wp\/v2\/product"}],"about":[{"href":"https:\/\/sculptureshome.com\/da\/wp-json\/wp\/v2\/types\/product"}],"replies":[{"embeddable":true,"href":"https:\/\/sculptureshome.com\/da\/wp-json\/wp\/v2\/comments?post=492"}],"version-history":[{"count":0,"href":"https:\/\/sculptureshome.com\/da\/wp-json\/wp\/v2\/product\/492\/revisions"}],"wp:featuredmedia":[{"embeddable":true,"href":"https:\/\/sculptureshome.com\/da\/wp-json\/wp\/v2\/media\/493"}],"wp:attachment":[{"href":"https:\/\/sculptureshome.com\/da\/wp-json\/wp\/v2\/media?parent=492"}],"wp:term":[{"taxonomy":"product_brand","embeddable":true,"href":"https:\/\/sculptureshome.com\/da\/wp-json\/wp\/v2\/product_brand?post=492"},{"taxonomy":"product_cat","embeddable":true,"href":"https:\/\/sculptureshome.com\/da\/wp-json\/wp\/v2\/product_cat?post=492"},{"taxonomy":"product_tag","embeddable":true,"href":"https:\/\/sculptureshome.com\/da\/wp-json\/wp\/v2\/product_tag?post=492"}],"curies":[{"name":"wp","href":"https:\/\/api.w.org\/{rel}","templated":true}]}}