{"id":2319,"date":"2025-07-24T14:17:35","date_gmt":"2025-07-24T14:17:35","guid":{"rendered":"https:\/\/sculptureshome.com\/?post_type=product&#038;p=2319"},"modified":"2025-08-31T05:57:21","modified_gmt":"2025-08-31T05:57:21","slug":"kreativ-uregelmaessigt-formet-sofa-brugerdefinerede-3d-printede-mobler","status":"publish","type":"product","link":"https:\/\/sculptureshome.com\/da\/product\/creative-irregular-shaped-sofa-custom-3d-printed-furniture\/","title":{"rendered":"Kreativ uregelm\u00e6ssigt formet sofa | Specialfremstillede 3D-printede m\u00f8bler"},"content":{"rendered":"<p data-start=\"55\" data-end=\"246\">Kreative, uregelm\u00e6ssigt formede sofaer er ideelle til trendy og modebevidste butikker, hvor de giver kunderne en unik shoppingoplevelse og samtidig viser brandets personlighed og sans for stil.<\/p>\n<p data-start=\"248\" data-end=\"409\">I kreative virksomheder eller startup-hubs kan disse sofaer bruges i kontorlokaler for at give medarbejderne utraditionelle loungeomr\u00e5der, der inspirerer til nye ideer.<\/p>\n<p data-start=\"411\" data-end=\"547\" data-is-last-node=\"\" data-is-only-node=\"\">N\u00e5r de vises i indretningsudstillingslokaler, fungerer de som i\u00f8jnefaldende udstillingsgenstande, der fremh\u00e6ver innovation og kunstnerisk flair i design.<\/p>","protected":false},"excerpt":{"rendered":"<p data-start=\"0\" data-end=\"271\">A <strong data-start=\"2\" data-end=\"36\">kreativ sofa med uregelm\u00e6ssig form<\/strong> er et unikt designet m\u00f8bel, der skiller sig ud ved sin ukonventionelle form, materialer eller stil - og adskiller sig fra traditionelle sofaer. Den bruges ofte i s\u00e6rlige omgivelser for at opn\u00e5 en bestemt visuel eller funktionel effekt.<\/p>\n<p data-start=\"273\" data-end=\"419\" data-is-last-node=\"\" data-is-only-node=\"\">S\u00e5danne sofaer kan tilf\u00f8re personlighed og unikhed til steder som caf\u00e9er, tiltr\u00e6kke kunder til at blive h\u00e6ngende og hj\u00e6lpe med at skabe en hyggelig, engagerende atmosf\u00e6re.<\/p>","protected":false},"featured_media":2320,"comment_status":"open","ping_status":"closed","template":"","meta":[],"product_brand":[],"product_cat":[29],"product_tag":[],"class_list":{"0":"post-2319","1":"product","2":"type-product","3":"status-publish","4":"has-post-thumbnail","6":"product_cat-3d-printing-furniture","8":"first","9":"instock","10":"shipping-taxable","11":"product-type-simple"},"_links":{"self":[{"href":"https:\/\/sculptureshome.com\/da\/wp-json\/wp\/v2\/product\/2319","targetHints":{"allow":["GET"]}}],"collection":[{"href":"https:\/\/sculptureshome.com\/da\/wp-json\/wp\/v2\/product"}],"about":[{"href":"https:\/\/sculptureshome.com\/da\/wp-json\/wp\/v2\/types\/product"}],"replies":[{"embeddable":true,"href":"https:\/\/sculptureshome.com\/da\/wp-json\/wp\/v2\/comments?post=2319"}],"version-history":[{"count":0,"href":"https:\/\/sculptureshome.com\/da\/wp-json\/wp\/v2\/product\/2319\/revisions"}],"wp:featuredmedia":[{"embeddable":true,"href":"https:\/\/sculptureshome.com\/da\/wp-json\/wp\/v2\/media\/2320"}],"wp:attachment":[{"href":"https:\/\/sculptureshome.com\/da\/wp-json\/wp\/v2\/media?parent=2319"}],"wp:term":[{"taxonomy":"product_brand","embeddable":true,"href":"https:\/\/sculptureshome.com\/da\/wp-json\/wp\/v2\/product_brand?post=2319"},{"taxonomy":"product_cat","embeddable":true,"href":"https:\/\/sculptureshome.com\/da\/wp-json\/wp\/v2\/product_cat?post=2319"},{"taxonomy":"product_tag","embeddable":true,"href":"https:\/\/sculptureshome.com\/da\/wp-json\/wp\/v2\/product_tag?post=2319"}],"curies":[{"name":"wp","href":"https:\/\/api.w.org\/{rel}","templated":true}]}}