{"id":1793,"date":"2025-05-03T06:12:48","date_gmt":"2025-05-03T06:12:48","guid":{"rendered":"https:\/\/sculptureshome.com\/product\/european-outdoor-decor-custom-size-abstract-dandelion-metal-stainless-steel-sculpture\/"},"modified":"2025-05-03T06:34:11","modified_gmt":"2025-05-03T06:34:11","slug":"abstrakt-maelkebotte-i-specialmal-metalskulptur-i-rustfrit-stal","status":"publish","type":"product","link":"https:\/\/sculptureshome.com\/da\/product\/custom-size-abstract-dandelion-metal-stainless-steel-sculpture\/","title":{"rendered":"Europ\u00e6isk udend\u00f8rs dekoration Abstrakt m\u00e6lkeb\u00f8tte metalskulptur i rustfrit st\u00e5l i tilpasset st\u00f8rrelse"},"content":{"rendered":"<ul>\n<li><strong>Materiale : <\/strong> metal<\/li>\n<li><strong>Udskrivning : <\/strong> Bogtryk<\/li>\n<li><strong>Produkttype : <\/strong> SKULPTUR<\/li>\n<li><strong>Teknik : <\/strong> St\u00f8bning<\/li>\n<li><strong>Stil : <\/strong> Dyr, antik imitation<\/li>\n<li><strong>Produktnavn : <\/strong> m\u00e6lkeb\u00f8tte metalskulptur i rustfrit st\u00e5l<\/li>\n<li><strong>Produktmateriale : <\/strong> Rustfrit st\u00e5l<\/li>\n<li><strong>St\u00f8rrelse : <\/strong> H100-300cm, andre st\u00f8rrelser kan tilpasses<\/li>\n<li><strong>Teknisk : <\/strong> Spejlpolering<\/li>\n<li><strong>Anvendelse : <\/strong> Indretning af hjemmet<\/li>\n<li><strong>Pakning : <\/strong> St\u00e6rke tr\u00e6kasser<\/li>\n<li><strong>Farve : <\/strong> R\u00f8d, pink, bl\u00e5, guld, s\u00f8lv<\/li>\n<li><strong>Service 1 : <\/strong> Tilpasset service<\/li>\n<li><strong>Service 2 : <\/strong> Handelsforsikring<\/li>\n<li><strong>Service 3 : <\/strong> Levering fra d\u00f8r til d\u00f8r<\/li>\n<li><strong>Printmetode : <\/strong> 1 farve<\/li>\n<li><strong>Type : <\/strong> St\u00e5l<\/li>\n<li><strong>Brug : <\/strong> Boligindretning<\/li>\n<li><strong>Regional funktion : <\/strong> Europa<\/li>\n<\/ul>","protected":false},"excerpt":{"rendered":"<p>Material : metal Printing : Letterpress printing Product Type : SCULPTURE Technique : Casting Style : Animal, Antique Imitation Product Name : dandelion metal stainless steel sculpture Product Material : Stainless Steel Size : H100-300cm, other size can be customized Technical : Mirror Polishing Usage : Home Decoration Packing : Strong Wooden Crates Color : [&hellip;]<\/p>\n","protected":false},"featured_media":1794,"comment_status":"open","ping_status":"closed","template":"","meta":[],"product_brand":[],"product_cat":[49,20],"product_tag":[],"class_list":{"0":"post-1793","1":"product","2":"type-product","3":"status-publish","4":"has-post-thumbnail","6":"product_cat-custom-stainless-steel-sculpture-factory","7":"product_cat-art-sculpture","9":"first","10":"outofstock","11":"shipping-taxable","12":"product-type-variable"},"_links":{"self":[{"href":"https:\/\/sculptureshome.com\/da\/wp-json\/wp\/v2\/product\/1793","targetHints":{"allow":["GET"]}}],"collection":[{"href":"https:\/\/sculptureshome.com\/da\/wp-json\/wp\/v2\/product"}],"about":[{"href":"https:\/\/sculptureshome.com\/da\/wp-json\/wp\/v2\/types\/product"}],"replies":[{"embeddable":true,"href":"https:\/\/sculptureshome.com\/da\/wp-json\/wp\/v2\/comments?post=1793"}],"version-history":[{"count":0,"href":"https:\/\/sculptureshome.com\/da\/wp-json\/wp\/v2\/product\/1793\/revisions"}],"wp:featuredmedia":[{"embeddable":true,"href":"https:\/\/sculptureshome.com\/da\/wp-json\/wp\/v2\/media\/1794"}],"wp:attachment":[{"href":"https:\/\/sculptureshome.com\/da\/wp-json\/wp\/v2\/media?parent=1793"}],"wp:term":[{"taxonomy":"product_brand","embeddable":true,"href":"https:\/\/sculptureshome.com\/da\/wp-json\/wp\/v2\/product_brand?post=1793"},{"taxonomy":"product_cat","embeddable":true,"href":"https:\/\/sculptureshome.com\/da\/wp-json\/wp\/v2\/product_cat?post=1793"},{"taxonomy":"product_tag","embeddable":true,"href":"https:\/\/sculptureshome.com\/da\/wp-json\/wp\/v2\/product_tag?post=1793"}],"curies":[{"name":"wp","href":"https:\/\/api.w.org\/{rel}","templated":true}]}}