{"id":1754,"date":"2025-05-03T06:01:57","date_gmt":"2025-05-03T06:01:57","guid":{"rendered":"https:\/\/sculptureshome.com\/product\/custom-stainless-steel-knight-statue-life-size-solider-with-sword-sculptures-for-garden-decor-factory-oem-mythology-metal-crafts\/"},"modified":"2025-05-03T07:41:45","modified_gmt":"2025-05-03T07:41:45","slug":"brugerdefineret-rustfrit-stal-ridderstatue-livsstorrelse-soldat-med-svaerdskulpturer-til-haveindretning-fabrik","status":"publish","type":"product","link":"https:\/\/sculptureshome.com\/da\/product\/custom-stainless-steel-knight-statue-life-size-solider-with-sword-sculptures-for-garden-decor-factory\/","title":{"rendered":"Ridderstatue i rustfrit st\u00e5l i naturlig st\u00f8rrelse Soldat med sv\u00e6rd Skulpturer"},"content":{"rendered":"<ul>\n<li><strong>Materiale : <\/strong> Rustfrit st\u00e5l, Rustfrit st\u00e5l<\/li>\n<li><strong>Form : <\/strong> Tilpasset<\/li>\n<li><strong>Bel\u00e6gning : <\/strong> Tilpasset<\/li>\n<li><strong>Udskrivning : <\/strong> Tilpasset<\/li>\n<li><strong>Produkttype : <\/strong> SKULPTUR<\/li>\n<li><strong>Teknik : <\/strong> Poleret, smedning<\/li>\n<li><strong>Stil : <\/strong> Kunstskulptur, Dyr, Abstrakt<\/li>\n<li><strong>Anvendelse : <\/strong> Kunst og samlerobjekter, Souvenir, Reklame, Andet<\/li>\n<li><strong>Modelnummer : <\/strong> SPFD-Horse-06<\/li>\n<li><strong>Overfladebehandling : <\/strong> Poleret<\/li>\n<li><strong>MOQ : <\/strong> 1 s\u00e6t<\/li>\n<li><strong>Anvendelse : <\/strong> Indend\u00f8rs\/ Udend\u00f8rs\/ Boligindretning\/ Kontor\/ Have\/ Offentlig<\/li>\n<li><strong>Pakning : <\/strong> Tr\u00e6kasse\/ tr\u00e6ramme\/ galvaniseret st\u00e5lr\u00f8rsreol<\/li>\n<li><strong>Forsendelse : <\/strong> Havet<\/li>\n<li><strong>emalje type : <\/strong> Tilpasset<\/li>\n<\/ul>","protected":false},"excerpt":{"rendered":"<p>Material : Stainless Steel, Stainless Steel Shape : Customized Plating : Customized Printing : Customized Product Type : SCULPTURE Technique : Polished, Forging Style : Art sculpture, Animal, Abstract Application : Art &amp; Collectible, Souvenir, Advertising, Other Model Number : SPFD-Horse-06 Surface Treatment : Polished MOQ : 1 Set Usage : Indoor\/ Outdoor\/ Home D\u00e9cor\/ [&hellip;]<\/p>\n","protected":false},"featured_media":1853,"comment_status":"open","ping_status":"closed","template":"","meta":[],"product_brand":[],"product_cat":[25,49],"product_tag":[],"class_list":{"0":"post-1754","1":"product","2":"type-product","3":"status-publish","4":"has-post-thumbnail","6":"product_cat-decorative-sculpture","7":"product_cat-custom-stainless-steel-sculpture-factory","9":"first","10":"outofstock","11":"shipping-taxable","12":"product-type-simple"},"_links":{"self":[{"href":"https:\/\/sculptureshome.com\/da\/wp-json\/wp\/v2\/product\/1754","targetHints":{"allow":["GET"]}}],"collection":[{"href":"https:\/\/sculptureshome.com\/da\/wp-json\/wp\/v2\/product"}],"about":[{"href":"https:\/\/sculptureshome.com\/da\/wp-json\/wp\/v2\/types\/product"}],"replies":[{"embeddable":true,"href":"https:\/\/sculptureshome.com\/da\/wp-json\/wp\/v2\/comments?post=1754"}],"version-history":[{"count":0,"href":"https:\/\/sculptureshome.com\/da\/wp-json\/wp\/v2\/product\/1754\/revisions"}],"wp:featuredmedia":[{"embeddable":true,"href":"https:\/\/sculptureshome.com\/da\/wp-json\/wp\/v2\/media\/1853"}],"wp:attachment":[{"href":"https:\/\/sculptureshome.com\/da\/wp-json\/wp\/v2\/media?parent=1754"}],"wp:term":[{"taxonomy":"product_brand","embeddable":true,"href":"https:\/\/sculptureshome.com\/da\/wp-json\/wp\/v2\/product_brand?post=1754"},{"taxonomy":"product_cat","embeddable":true,"href":"https:\/\/sculptureshome.com\/da\/wp-json\/wp\/v2\/product_cat?post=1754"},{"taxonomy":"product_tag","embeddable":true,"href":"https:\/\/sculptureshome.com\/da\/wp-json\/wp\/v2\/product_tag?post=1754"}],"curies":[{"name":"wp","href":"https:\/\/api.w.org\/{rel}","templated":true}]}}