{"id":125,"date":"2024-01-15T06:30:34","date_gmt":"2024-01-15T06:30:34","guid":{"rendered":"https:\/\/sculptureshome.com\/?post_type=product&#038;p=125"},"modified":"2024-01-15T06:30:34","modified_gmt":"2024-01-15T06:30:34","slug":"abstrakt-kunstskulptur-guld-dekoration-thinker-statue-til-indendors-dekorationer","status":"publish","type":"product","link":"https:\/\/sculptureshome.com\/da\/product\/abstract-art-sculpture-gold-decor-thinker-statue-for-indoor-decorations\/","title":{"rendered":"Abstrakt kunstskulptur Gulddekoration T\u00e6nkerstatue til indend\u00f8rs dekorationer"},"content":{"rendered":"<h3 id=\"key-attributes\" class=\"att-title\"><span style=\"font-size: 16px;\">Branchespecifik<\/span><span style=\"font-size: 16px;\"> attributter<\/span><\/h3>\n<div class=\"attribute-info\" data-spm-anchor-id=\"a2700.details.0.i85.682d65adK3ZKgH\">\n<div class=\"attribute-list\">\n<div class=\"attribute-item\">\n<div class=\"left\">Produkttype: Figurine<\/div>\n<\/div>\n<div class=\"attribute-item\">\n<div class=\"left\">Tema: K\u00e6rlighed<\/div>\n<\/div>\n<\/div>\n<h4>Andre egenskaber<\/h4>\n<div class=\"attribute-list\">\n<div class=\"attribute-item\">\n<div class=\"left\">Oprindelsessted: Shenzhen, Kina<\/div>\n<\/div>\n<div class=\"attribute-item\">\n<div class=\"left\">Materiale: Harpiks<\/div>\n<\/div>\n<div class=\"attribute-item\">\n<div class=\"left\">Stil: <span data-spm-anchor-id=\"a2700.details.0.i86.682d65adK3ZKgH\">Kunstig<\/span><\/div>\n<\/div>\n<div class=\"attribute-item\">\n<div class=\"left\">Brug det: <span data-spm-anchor-id=\"a2700.details.0.i88.682d65adK3ZKgH\">Indretning af hjemmet<\/span><\/div>\n<\/div>\n<div class=\"attribute-item\">\n<div class=\"right\">M\u00e6rkenavn: sculptureshome<\/div>\n<\/div>\n<div class=\"attribute-item\">\n<div class=\"left\">Produktets v\u00e6gt: 0,2 KG<\/div>\n<\/div>\n<div class=\"attribute-item\">\n<div class=\"left\">Proces: H\u00e5ndlavet<\/div>\n<\/div>\n<div class=\"attribute-item\">\n<div class=\"left\">Anvendelse: Boligindretning, gaver, vaser osv.<\/div>\n<\/div>\n<div class=\"attribute-item\">\n<div class=\"left\">Certificering: CA65, ISO9001, Sedex<\/div>\n<\/div>\n<div class=\"attribute-item\">\n<div class=\"left\">OEM &amp; ODM: Accepter<\/div>\n<\/div>\n<div class=\"attribute-item\">\n<div class=\"left\">Pr\u00f8vetid: 7-15 dage<\/div>\n<\/div>\n<div class=\"attribute-item\"><\/div>\n<div class=\"attribute-item\">\n<div class=\"right\" data-spm-anchor-id=\"a2700.details.0.i93.682d65adK3ZKgH\"><\/div>\n<\/div>\n<\/div>\n<\/div>","protected":false},"excerpt":{"rendered":"<p>Branchespecifikke egenskaber Produkttype: Figur Tema: K\u00e6rlighed Andre egenskaber Oprindelsessted: Shenzhen, Kina Materiale: Harpiks Stil: Kunstig Anvendelse: Boligindretning M\u00e6rke: sculptureshome Produktv\u00e6gt: 0,2 KG Proces: H\u00e5ndlavet Anvendelse: Boligindretning, gaver, vase osv. Certificering: CA65, ISO9001, Sedex OEM &amp; ODM: Accepter pr\u00f8vetid: 7-15 dage<\/p>","protected":false},"featured_media":127,"comment_status":"open","ping_status":"closed","template":"","meta":[],"product_brand":[],"product_cat":[20],"product_tag":[],"class_list":{"0":"post-125","1":"product","2":"type-product","3":"status-publish","4":"has-post-thumbnail","6":"product_cat-art-sculpture","8":"first","9":"instock","10":"shipping-taxable","11":"product-type-simple"},"_links":{"self":[{"href":"https:\/\/sculptureshome.com\/da\/wp-json\/wp\/v2\/product\/125","targetHints":{"allow":["GET"]}}],"collection":[{"href":"https:\/\/sculptureshome.com\/da\/wp-json\/wp\/v2\/product"}],"about":[{"href":"https:\/\/sculptureshome.com\/da\/wp-json\/wp\/v2\/types\/product"}],"replies":[{"embeddable":true,"href":"https:\/\/sculptureshome.com\/da\/wp-json\/wp\/v2\/comments?post=125"}],"version-history":[{"count":0,"href":"https:\/\/sculptureshome.com\/da\/wp-json\/wp\/v2\/product\/125\/revisions"}],"wp:featuredmedia":[{"embeddable":true,"href":"https:\/\/sculptureshome.com\/da\/wp-json\/wp\/v2\/media\/127"}],"wp:attachment":[{"href":"https:\/\/sculptureshome.com\/da\/wp-json\/wp\/v2\/media?parent=125"}],"wp:term":[{"taxonomy":"product_brand","embeddable":true,"href":"https:\/\/sculptureshome.com\/da\/wp-json\/wp\/v2\/product_brand?post=125"},{"taxonomy":"product_cat","embeddable":true,"href":"https:\/\/sculptureshome.com\/da\/wp-json\/wp\/v2\/product_cat?post=125"},{"taxonomy":"product_tag","embeddable":true,"href":"https:\/\/sculptureshome.com\/da\/wp-json\/wp\/v2\/product_tag?post=125"}],"curies":[{"name":"wp","href":"https:\/\/api.w.org\/{rel}","templated":true}]}}