{"id":3,"date":"2024-01-09T08:02:39","date_gmt":"2024-01-09T08:02:39","guid":{"rendered":"https:\/\/sculptureshome.com\/?page_id=3"},"modified":"2024-05-01T07:59:05","modified_gmt":"2024-05-01T07:59:05","slug":"privatlivspolitik","status":"publish","type":"page","link":"https:\/\/sculptureshome.com\/da\/privacy-policy\/","title":{"rendered":"Politik for beskyttelse af personlige oplysninger"},"content":{"rendered":"<p>sculptureshome.com er i overensstemmelse med den generelle databeskyttelsesforordning (GDPR) (EU) 2016\/679.<\/p>\n\n\n\n<p>Det betyder, at vi er \u00e5bne om vores metoder til sporing og brug af de bes\u00f8gendes personlige data, og du kan frit kontrollere, hvad vi pr\u00e6cist g\u00f8r med dem.<\/p>\n\n\n\n<p>Hos sculptureshome samler vi:<\/p>\n\n\n\n<ul class=\"wp-block-list\">\n<li>Dit navn og efternavn<\/li>\n\n\n\n<li>Din e-mailadresse<\/li>\n\n\n\n<li>Din fysiske adresse<\/li>\n\n\n\n<li>Dit telefonnummer<\/li>\n\n\n\n<li>Data om den browser og enhed, du bruger til at se butikken<\/li>\n\n\n\n<li>Den m\u00e5de, du navigerer i butikken p\u00e5<\/li>\n<\/ul>\n\n\n\n<p>Vi indsamler dine kontaktoplysninger, fordi de er n\u00f8dvendige for at acceptere og behandle dine ordrer og for at sikre, at du har f\u00e5et dine pakker.<\/p>\n\n\n\n<p>Vi indsamler oplysninger om dit tekniske udstyr og din adf\u00e6rd p\u00e5 stedet for at g\u00f8re vores butik mere brugervenlig og for at tilpasse vores butikstjenester til dig (f.eks. for automatisk at skifte butikken til mobilversionen).<\/p>\n\n\n\n<p>Vores butik samarbejder med eksterne virksomheder, der hj\u00e6lper os med at yde den bedste service til dig, og disse tredjeparter bruger ogs\u00e5 nogle af de personlige oplysninger, du efterlader. Vi begr\u00e6nser de data, de har adgang til, til det, der er n\u00f8dvendigt for, at de kan opfylde deres forpligtelser.<\/p>\n\n\n\n<ul class=\"wp-block-list\">\n<li>Betalingstjenester bruger dit kreditkortnummer, dit navn og efternavn til at verificere og behandle dine betalinger for vores produkter.<\/li>\n\n\n\n<li>Vores producenter og lagermedarbejdere bruger oplysningerne om din ordres indhold til at sammens\u00e6tte den n\u00f8dvendige pakke til dig.<\/li>\n\n\n\n<li>Posttjenester bruger dit fornavn, efternavn og fysiske adresse til at arrangere produktleveringen til dig<\/li>\n\n\n\n<li>Massemailing-tjenester bruger din e-mailadresse til at sende dig e-mails (hvis du har tilmeldt dig dem).<\/li>\n<\/ul>\n\n\n\n<p>Hvis du forts\u00e6tter med at surfe p\u00e5 vores webshop efter at have l\u00e6st denne privatlivspolitik, giver du os samtykke til at bruge dine personlige oplysninger til de form\u00e5l, der er forklaret ovenfor.<\/p>\n\n\n\n<p>Hvis du ikke accepterer disse vilk\u00e5r, bedes du forlade hjemmesiden.<\/p>\n\n\n\n<p>Du kan sende os en e-mail p\u00e5 manager@sculptureshome.com og sp\u00f8rge:<\/p>\n\n\n\n<ul class=\"wp-block-list\">\n<li>For at modtage en kopi af dine personlige oplysninger, som vi har indsamlet<\/li>\n\n\n\n<li>At slette dine personlige oplysninger fra vores system<\/li>\n\n\n\n<li>At tr\u00e6kke dit samtykke tilbage (hvis du tidligere har indvilliget i at give os oplysningerne, men derefter har ombestemt dig)<\/li>\n<\/ul>\n\n\n\n<p>Vi g\u00f8r vores bedste for at garantere sikkerheden for dine personlige oplysninger, mens vi opbevarer og bruger dem.<\/p>\n\n\n\n<p>Tak for dit samarbejde!<\/p>","protected":false},"excerpt":{"rendered":"<p>sculptureshome.com is compliant with The General Data Protection Regulation (GDPR) (EU) 2016\/679. It means that we are open about our methods of tracking and use of the visitors\u2019 personal data, and you can freely check what exactly we\u2019re doing to it. At sculptureshome, we collect: We gather your contact details because they are necessary to [&hellip;]<\/p>\n","protected":false},"author":1,"featured_media":0,"parent":0,"menu_order":0,"comment_status":"closed","ping_status":"open","template":"","meta":{"footnotes":""},"class_list":["post-3","page","type-page","status-publish","hentry"],"_links":{"self":[{"href":"https:\/\/sculptureshome.com\/da\/wp-json\/wp\/v2\/pages\/3","targetHints":{"allow":["GET"]}}],"collection":[{"href":"https:\/\/sculptureshome.com\/da\/wp-json\/wp\/v2\/pages"}],"about":[{"href":"https:\/\/sculptureshome.com\/da\/wp-json\/wp\/v2\/types\/page"}],"author":[{"embeddable":true,"href":"https:\/\/sculptureshome.com\/da\/wp-json\/wp\/v2\/users\/1"}],"replies":[{"embeddable":true,"href":"https:\/\/sculptureshome.com\/da\/wp-json\/wp\/v2\/comments?post=3"}],"version-history":[{"count":0,"href":"https:\/\/sculptureshome.com\/da\/wp-json\/wp\/v2\/pages\/3\/revisions"}],"wp:attachment":[{"href":"https:\/\/sculptureshome.com\/da\/wp-json\/wp\/v2\/media?parent=3"}],"curies":[{"name":"wp","href":"https:\/\/api.w.org\/{rel}","templated":true}]}}