{"id":134,"date":"2024-01-15T06:53:08","date_gmt":"2024-01-15T06:53:08","guid":{"rendered":"https:\/\/sculptureshome.com\/?post_type=product&#038;p=134"},"modified":"2024-02-10T06:29:07","modified_gmt":"2024-02-10T06:29:07","slug":"%d9%83%d9%84%d8%a8-%d8%b1%d8%a7%d8%aa%d9%86%d8%ac-%d8%a7%d9%84%d8%a8%d9%88%d8%a8-%d8%a2%d8%b1%d8%aa-%d8%a7%d9%84%d9%85%d9%84%d9%88%d9%86-%d8%a7%d9%84%d9%84%d8%a7%d9%85%d8%b9-%d8%ab%d9%84%d8%a7%d8%ab","status":"publish","type":"product","link":"https:\/\/sculptureshome.com\/ar\/product\/custom-color-shinny-glossy-3d-pop-art-resin-dog\/","title":{"rendered":"\u0643\u0644\u0628 \u0631\u0627\u062a\u0646\u062c \u0627\u0644\u0628\u0648\u0628 \u0622\u0631\u062a \u0627\u0644\u0645\u0644\u0648\u0646 \u0627\u0644\u0644\u0627\u0645\u0639 \u062b\u0644\u0627\u062b\u064a \u0627\u0644\u0623\u0628\u0639\u0627\u062f \u0627\u0644\u0644\u0627\u0645\u0639 \u0627\u0644\u0645\u062e\u0635\u0635"},"content":{"rendered":"<h4>\u0627\u0644\u0633\u0645\u0627\u062a \u0627\u0644\u062e\u0627\u0635\u0629 \u0628\u0627\u0644\u0635\u0646\u0627\u0639\u0629<\/h4>\n<div class=\"attribute-list\">\n<div class=\"attribute-item\">\n<div class=\"left\">\u0646\u0648\u0639 \u0627\u0644\u0645\u0646\u062a\u062c: \u0645\u0646\u062d\u0648\u062a\u0629<\/div>\n<\/div>\n<div class=\"attribute-item\">\n<div class=\"left\">\u0627\u0644\u0645\u0648\u0636\u0648\u0639: \u0623\u062e\u0631\u0649<\/div>\n<div class=\"right\">\n<h4>\u0633\u0645\u0627\u062a \u0623\u062e\u0631\u0649<\/h4>\n<\/div>\n<\/div>\n<\/div>\n<div class=\"attribute-list\">\n<div class=\"attribute-item\">\n<div class=\"left\">\u0645\u0643\u0627\u0646 \u0627\u0644\u0645\u0646\u0634\u0623: \u0634\u0646\u062a\u0634\u0646\u060c \u0627\u0644\u0635\u064a\u0646<\/div>\n<\/div>\n<div class=\"attribute-item\">\n<div class=\"left\">\u0627\u0644\u062e\u0627\u0645\u0629: \u0631\u0627\u062a\u064a\u0646\u062c<\/div>\n<div class=\"right\">\u0627\u0644\u0623\u0633\u0644\u0648\u0628: \u0627\u0644\u0641\u0646 \u0627\u0644\u0634\u0639\u0628\u064a<\/div>\n<div>\u0627\u0644\u0627\u0633\u062a\u062e\u062f\u0627\u0645: \u062f\u064a\u0643\u0648\u0631 \u0627\u0644\u0645\u0646\u0632\u0644<\/div>\n<\/div>\n<div class=\"attribute-item\">\n<div class=\"left\">\u0627\u0633\u0645 \u0627\u0644\u0639\u0644\u0627\u0645\u0629 \u0627\u0644\u062a\u062c\u0627\u0631\u064a\u0629: sculptureshome<\/div>\n<\/div>\n<div class=\"attribute-item\">\n<div class=\"left\">\u0627\u0644\u0635\u0646\u0641: \u0645\u0646\u062d\u0648\u062a\u0629 \u0643\u0644\u0628 \u0641\u0646 \u0627\u0644\u0645\u0644\u0648\u062b\u0627\u062a \u0627\u0644\u0639\u0636\u0648\u064a\u0629 \u0627\u0644\u062b\u0627\u0628\u062a\u0629 \u0645\u0646 \u0627\u0644\u0631\u0627\u062a\u0646\u062c<\/div>\n<div>\u0627\u0644\u062d\u062c\u0645: 23 \u00d7 9.5 \u00d7 9.5 \u00d7 22 \u0633\u0645<\/div>\n<\/div>\n<div class=\"attribute-item\">\n<div class=\"left\">\u0643\u0631\u0627\u0641\u062a \uff1a\u0634\u062f\u064a\u062f \u0627\u0644\u0644\u0645\u0639\u0627\u0646<\/div>\n<\/div>\n<div class=\"attribute-item\">\n<div class=\"left\">\u0627\u0644\u0645\u0627\u062f\u0629 \uff1a \u0631\u0632\u064a\u0646<\/div>\n<div class=\"right\" data-spm-anchor-id=\"a2700.details.0.i84.793419fcsQLuKQ\"><\/div>\n<\/div>\n<\/div>","protected":false},"excerpt":{"rendered":"<p>\u0627\u0644\u0633\u0645\u0627\u062a \u0627\u0644\u062e\u0627\u0635\u0629 \u0628\u0627\u0644\u0635\u0646\u0627\u0639\u0629 \u0646\u0648\u0639 \u0627\u0644\u0645\u0646\u062a\u062c: \u0627\u0644\u0634\u0643\u0644: \u0645\u0646\u062d\u0648\u062a\u0629 \u0627\u0644\u0645\u0648\u0636\u0648\u0639: \u0633\u0645\u0627\u062a \u0623\u062e\u0631\u0649 \u0633\u0645\u0627\u062a \u0623\u062e\u0631\u0649 \u0645\u0643\u0627\u0646 \u0627\u0644\u0645\u0646\u0634\u0623: \u0634\u0646\u062a\u0634\u0646\u060c \u0627\u0644\u0635\u064a\u0646 \u0627\u0644\u0645\u0627\u062f\u0629: \u0646\u0645\u0637 \u0627\u0644\u0631\u0627\u062a\u0646\u062c: \u0627\u0633\u062a\u062e\u062f\u0627\u0645 \u0627\u0644\u0641\u0646 \u0627\u0644\u0634\u0639\u0628\u064a: \u0627\u0633\u062a\u062e\u062f\u0627\u0645: \u062f\u064a\u0643\u0648\u0631 \u0627\u0644\u0645\u0646\u0632\u0644 \u0627\u0633\u0645 \u0627\u0644\u0639\u0644\u0627\u0645\u0629 \u0627\u0644\u062a\u062c\u0627\u0631\u064a\u0629: \u0645\u0646\u062d\u0648\u062a\u0627\u062a \u0645\u0646\u0632\u0644\u064a\u0629 \u0627\u0644\u0639\u0646\u0635\u0631: \u0641\u0646 \u0627\u0644\u0645\u0644\u0648\u062b\u0627\u062a \u0627\u0644\u0639\u0636\u0648\u064a\u0629 \u0627\u0644\u062b\u0627\u0628\u062a\u0629 \u0627\u0644\u0643\u0644\u0628 \u0627\u0644\u0631\u0627\u062a\u0646\u062c \u0627\u0644\u0646\u062d\u062a \u0627\u0644\u0631\u0627\u062a\u0646\u062c \u0627\u0644\u062d\u062c\u0645: 23 \u00d7 9.5 \u00d7 22 \u0633\u0645 \u0627\u0644\u062d\u0631\u0641\u064a\u0629: \u0645\u0627\u062f\u0629 \u0639\u0627\u0644\u064a\u0629 \u0627\u0644\u0644\u0645\u0639\u0627\u0646: \u0631\u0627\u062a\u0646\u062c<\/p>","protected":false},"featured_media":141,"comment_status":"open","ping_status":"closed","template":"","meta":[],"product_brand":[],"product_cat":[20,28],"product_tag":[],"class_list":{"0":"post-134","1":"product","2":"type-product","3":"status-publish","4":"has-post-thumbnail","6":"product_cat-art-sculpture","7":"product_cat-resin-sculpture","9":"first","10":"instock","11":"shipping-taxable","12":"product-type-simple"},"_links":{"self":[{"href":"https:\/\/sculptureshome.com\/ar\/wp-json\/wp\/v2\/product\/134","targetHints":{"allow":["GET"]}}],"collection":[{"href":"https:\/\/sculptureshome.com\/ar\/wp-json\/wp\/v2\/product"}],"about":[{"href":"https:\/\/sculptureshome.com\/ar\/wp-json\/wp\/v2\/types\/product"}],"replies":[{"embeddable":true,"href":"https:\/\/sculptureshome.com\/ar\/wp-json\/wp\/v2\/comments?post=134"}],"version-history":[{"count":0,"href":"https:\/\/sculptureshome.com\/ar\/wp-json\/wp\/v2\/product\/134\/revisions"}],"wp:featuredmedia":[{"embeddable":true,"href":"https:\/\/sculptureshome.com\/ar\/wp-json\/wp\/v2\/media\/141"}],"wp:attachment":[{"href":"https:\/\/sculptureshome.com\/ar\/wp-json\/wp\/v2\/media?parent=134"}],"wp:term":[{"taxonomy":"product_brand","embeddable":true,"href":"https:\/\/sculptureshome.com\/ar\/wp-json\/wp\/v2\/product_brand?post=134"},{"taxonomy":"product_cat","embeddable":true,"href":"https:\/\/sculptureshome.com\/ar\/wp-json\/wp\/v2\/product_cat?post=134"},{"taxonomy":"product_tag","embeddable":true,"href":"https:\/\/sculptureshome.com\/ar\/wp-json\/wp\/v2\/product_tag?post=134"}],"curies":[{"name":"\u062f\u0628\u0644\u064a\u0648 \u0628\u064a","href":"https:\/\/api.w.org\/{rel}","templated":true}]}}